{"id":1540,"date":"2024-03-27T09:55:25","date_gmt":"2024-03-27T12:55:25","guid":{"rendered":"https:\/\/petsnossos.com.br\/?page_id=1540"},"modified":"2026-02-11T16:02:34","modified_gmt":"2026-02-11T19:02:34","slug":"pastor-pv","status":"publish","type":"page","link":"https:\/\/petsnossos.com.br\/?page_id=1540","title":{"rendered":"PASTOR PV"},"content":{"rendered":"\t\t<div data-elementor-type=\"wp-page\" data-elementor-id=\"1540\" class=\"elementor elementor-1540\">\n\t\t\t\t<div class=\"elementor-element elementor-element-e260c0f e-flex e-con-boxed e-con e-parent\" data-id=\"e260c0f\" data-element_type=\"container\" data-settings=\"{&quot;background_background&quot;:&quot;classic&quot;,&quot;content_width&quot;:&quot;boxed&quot;}\" data-core-v316-plus=\"true\">\n\t\t\t\t\t<div class=\"e-con-inner\">\n\t\t<div class=\"elementor-element elementor-element-9243dc2 e-con-full e-flex e-con e-child\" data-id=\"9243dc2\" data-element_type=\"container\" data-settings=\"{&quot;content_width&quot;:&quot;full&quot;}\">\n\t\t\t\t<div class=\"elementor-element elementor-element-625af13 elementor-widget elementor-widget-image\" data-id=\"625af13\" data-element_type=\"widget\" data-widget_type=\"image.default\">\n\t\t\t\t<div class=\"elementor-widget-container\">\n\t\t\t<style>\/*! elementor - v3.19.0 - 28-02-2024 *\/\n.elementor-widget-image{text-align:center}.elementor-widget-image a{display:inline-block}.elementor-widget-image a img[src$=\".svg\"]{width:48px}.elementor-widget-image img{vertical-align:middle;display:inline-block}<\/style>\t\t\t\t\t\t\t\t\t\t<img fetchpriority=\"high\" decoding=\"async\" width=\"600\" height=\"600\" src=\"https:\/\/petsnossos.com.br\/wp-content\/uploads\/2024\/03\/PASTOR-ALEMAO-2.png\" class=\"attachment-large size-large wp-image-1542\" alt=\"\" srcset=\"https:\/\/petsnossos.com.br\/wp-content\/uploads\/2024\/03\/PASTOR-ALEMAO-2.png 600w, https:\/\/petsnossos.com.br\/wp-content\/uploads\/2024\/03\/PASTOR-ALEMAO-2-300x300.png 300w, https:\/\/petsnossos.com.br\/wp-content\/uploads\/2024\/03\/PASTOR-ALEMAO-2-150x150.png 150w, https:\/\/petsnossos.com.br\/wp-content\/uploads\/2024\/03\/PASTOR-ALEMAO-2-100x100.png 100w\" sizes=\"(max-width: 600px) 100vw, 600px\" \/>\t\t\t\t\t\t\t\t\t\t\t\t\t<\/div>\n\t\t\t\t<\/div>\n\t\t\t\t<\/div>\n\t\t<div class=\"elementor-element elementor-element-863c83e e-con-full e-flex e-con e-child\" data-id=\"863c83e\" data-element_type=\"container\" data-settings=\"{&quot;content_width&quot;:&quot;full&quot;}\">\n\t\t\t\t<div class=\"elementor-element elementor-element-2eaa38e elementor-widget elementor-widget-heading\" data-id=\"2eaa38e\" data-element_type=\"widget\" data-widget_type=\"heading.default\">\n\t\t\t\t<div class=\"elementor-widget-container\">\n\t\t\t<style>\/*! elementor - v3.19.0 - 28-02-2024 *\/\n.elementor-heading-title{padding:0;margin:0;line-height:1}.elementor-widget-heading .elementor-heading-title[class*=elementor-size-]>a{color:inherit;font-size:inherit;line-height:inherit}.elementor-widget-heading .elementor-heading-title.elementor-size-small{font-size:15px}.elementor-widget-heading .elementor-heading-title.elementor-size-medium{font-size:19px}.elementor-widget-heading .elementor-heading-title.elementor-size-large{font-size:29px}.elementor-widget-heading .elementor-heading-title.elementor-size-xl{font-size:39px}.elementor-widget-heading .elementor-heading-title.elementor-size-xxl{font-size:59px}<\/style><h2 class=\"elementor-heading-title elementor-size-default\">CONHE\u00c7A E SAIBA COMO TRATAR SEU AMIGUINHO<\/h2>\t\t<\/div>\n\t\t\t\t<\/div>\n\t\t\t\t<\/div>\n\t\t<div class=\"elementor-element elementor-element-a62b6ec e-con-full e-flex e-con e-child\" data-id=\"a62b6ec\" data-element_type=\"container\" data-settings=\"{&quot;content_width&quot;:&quot;full&quot;}\">\n\t\t\t\t<\/div>\n\t\t\t\t\t<\/div>\n\t\t\t\t<\/div>\n\t\t<div class=\"elementor-element elementor-element-563da69 e-flex e-con-boxed e-con e-parent\" data-id=\"563da69\" data-element_type=\"container\" data-settings=\"{&quot;background_background&quot;:&quot;classic&quot;,&quot;content_width&quot;:&quot;boxed&quot;}\" data-core-v316-plus=\"true\">\n\t\t\t\t\t<div class=\"e-con-inner\">\n\t\t\t\t<div class=\"elementor-element elementor-element-b5f8e17 elementor-widget elementor-widget-text-editor\" data-id=\"b5f8e17\" data-element_type=\"widget\" data-widget_type=\"text-editor.default\">\n\t\t\t\t<div class=\"elementor-widget-container\">\n\t\t\t<style>\/*! elementor - v3.19.0 - 28-02-2024 *\/\n.elementor-widget-text-editor.elementor-drop-cap-view-stacked .elementor-drop-cap{background-color:#69727d;color:#fff}.elementor-widget-text-editor.elementor-drop-cap-view-framed .elementor-drop-cap{color:#69727d;border:3px solid;background-color:transparent}.elementor-widget-text-editor:not(.elementor-drop-cap-view-default) .elementor-drop-cap{margin-top:8px}.elementor-widget-text-editor:not(.elementor-drop-cap-view-default) .elementor-drop-cap-letter{width:1em;height:1em}.elementor-widget-text-editor .elementor-drop-cap{float:left;text-align:center;line-height:1;font-size:50px}.elementor-widget-text-editor .elementor-drop-cap-letter{display:inline-block}<\/style>\t\t\t\t<div class=\"flex-1 overflow-hidden\"><div class=\"react-scroll-to-bottom--css-xbiep-79elbk h-full\"><div class=\"react-scroll-to-bottom--css-xbiep-1n7m0yu\"><div class=\"flex flex-col text-sm pb-9\"><div class=\"w-full text-token-text-primary\" data-testid=\"conversation-turn-5\"><div class=\"px-4 py-2 justify-center text-base md:gap-6 m-auto\"><div class=\"flex flex-1 text-base mx-auto gap-3 md:px-5 lg:px-1 xl:px-5 md:max-w-3xl lg:max-w-[40rem] xl:max-w-[48rem] group final-completion\"><div class=\"relative flex w-full flex-col agent-turn\"><div class=\"flex-col gap-1 md:gap-3\"><div class=\"flex flex-grow flex-col max-w-full\"><div class=\"min-h-[20px] text-message flex flex-col items-start gap-3 whitespace-pre-wrap break-words [.text-message+&amp;]:mt-5 overflow-x-auto\" data-message-author-role=\"assistant\" data-message-id=\"c7d798bd-e536-4b86-adc5-842eae750b63\"><div class=\"markdown prose w-full break-words dark:prose-invert light\"><p>O Pastor Alem\u00e3o \u00e9 uma das ra\u00e7as caninas mais admiradas e respeitadas em todo o mundo, e com raz\u00e3o. Seu porte atl\u00e9tico, pelagem exuberante e express\u00e3o alerta fazem dele um c\u00e3o impressionante \u00e0 primeira vista. No entanto, as qualidades mais marcantes desta ra\u00e7a v\u00e3o muito al\u00e9m da apar\u00eancia.<\/p><p>Esses c\u00e3es s\u00e3o conhecidos por sua intelig\u00eancia excepcional, lealdade inabal\u00e1vel e instinto protetor. S\u00e3o excelentes c\u00e3es de guarda e de trabalho, mas tamb\u00e9m se destacam como companheiros leais e devotados. Sua disposi\u00e7\u00e3o para aprender e trabalhar ao lado de seus tutores \u00e9 incompar\u00e1vel, tornando-os companheiros ideais para quem busca um animal de estima\u00e7\u00e3o comprometido e obediente.<\/p><p>Para desfrutar ao m\u00e1ximo da companhia de um Pastor Alem\u00e3o, \u00e9 fundamental ter um conhecimento profundo das caracter\u00edsticas da ra\u00e7a. Esses c\u00e3es t\u00eam necessidades espec\u00edficas de exerc\u00edcio, socializa\u00e7\u00e3o e treinamento, e compreender esses aspectos pode ajudar a desenvolver uma intera\u00e7\u00e3o harmoniosa entre o c\u00e3o e o tutor.<\/p><p>Nosso e-Book \u00e9 uma ferramenta valiosa para os tutores que desejam aprimorar sua rela\u00e7\u00e3o com esses incr\u00edveis animais. Este guia abrangente oferece insights sobre a hist\u00f3ria e as caracter\u00edsticas da ra\u00e7a, cuidados espec\u00edficos com a sa\u00fade e alimenta\u00e7\u00e3o, dicas de treinamento e muito mais. Ao adquirir esse eBook, os tutores estar\u00e3o mais preparados para oferecer ao seu Pastor Alem\u00e3o uma vida plena e feliz.<\/p><p>Investir no conhecimento proporcionado pelo nosso e-Book\u00a0 \u00e9 investir no bem-estar e na felicidade do seu c\u00e3o. N\u00e3o perca a oportunidade de aprimorar sua rela\u00e7\u00e3o com seu Pastor Alem\u00e3o, adquira agora mesmo o e-Book e descubra todo o potencial dessa ra\u00e7a extraordin\u00e1ria.<\/p><p>\u00a0 CONHECER \u00c9 FUNDAMENTAL PARA FAZER CERTO!!!<\/p><\/div><\/div><\/div><div class=\"mt-1 flex justify-start gap-3 empty:hidden\"><div class=\"text-gray-400 flex self-end lg:self-center items-center justify-center lg:justify-start mt-0 -ml-1 h-7 gap-[2px] visible\"><div class=\"flex items-center gap-1.5 text-xs\">\u00a0<\/div><div class=\"flex\">\u00a0<\/div><\/div><\/div><div class=\"pr-2 lg:pr-0\">\u00a0<\/div><\/div><div class=\"absolute\"><div class=\"flex w-full gap-2 items-center justify-center\">\u00a0<\/div><\/div><\/div><\/div><\/div><\/div><\/div><\/div><\/div><\/div><div class=\"w-full pt-2 md:pt-0 dark:border-white\/20 md:border-transparent md:dark:border-transparent md:w-[calc(100%-.5rem)]\"><form class=\"stretch mx-2 flex flex-row gap-3 last:mb-2 md:mx-4 md:last:mb-6 lg:mx-auto lg:max-w-2xl xl:max-w-3xl\"><div class=\"relative flex h-full flex-1 flex-col\"><div class=\"absolute bottom-full left-0 right-0\">\u00a0<\/div><div class=\"flex w-full items-center\">\u00a0<\/div><\/div><\/form><\/div>\t\t\t\t\t\t<\/div>\n\t\t\t\t<\/div>\n\t\t\t\t\t<\/div>\n\t\t\t\t<\/div>\n\t\t<div class=\"elementor-element elementor-element-5decea5 e-flex e-con-boxed e-con e-parent\" data-id=\"5decea5\" data-element_type=\"container\" data-settings=\"{&quot;background_background&quot;:&quot;classic&quot;,&quot;content_width&quot;:&quot;boxed&quot;}\" data-core-v316-plus=\"true\">\n\t\t\t\t\t<div class=\"e-con-inner\">\n\t\t<div class=\"elementor-element elementor-element-b852372 e-con-full e-flex e-con e-child\" data-id=\"b852372\" data-element_type=\"container\" data-settings=\"{&quot;content_width&quot;:&quot;full&quot;}\">\n\t\t\t\t<div class=\"elementor-element elementor-element-ab00e8e elementor-align-center elementor-widget elementor-widget-button\" data-id=\"ab00e8e\" data-element_type=\"widget\" data-widget_type=\"button.default\">\n\t\t\t\t<div class=\"elementor-widget-container\">\n\t\t\t\t\t<div class=\"elementor-button-wrapper\">\n\t\t\t<a class=\"elementor-button elementor-button-link elementor-size-lg elementor-animation-pulse-grow\" href=\"https:\/\/petsnossos.com.br\/?page_id=60\">\n\t\t\t\t\t\t<span class=\"elementor-button-content-wrapper\">\n\t\t\t\t\t\t<span class=\"elementor-button-text\">RETORNAR EBOOKS<\/span>\n\t\t<\/span>\n\t\t\t\t\t<\/a>\n\t\t<\/div>\n\t\t\t\t<\/div>\n\t\t\t\t<\/div>\n\t\t\t\t<\/div>\n\t\t<div class=\"elementor-element elementor-element-99d744f e-con-full e-flex e-con e-child\" data-id=\"99d744f\" data-element_type=\"container\" data-settings=\"{&quot;content_width&quot;:&quot;full&quot;}\">\n\t\t\t\t<div class=\"elementor-element elementor-element-7af7df2 elementor-align-center elementor-widget elementor-widget-button\" data-id=\"7af7df2\" data-element_type=\"widget\" data-widget_type=\"button.default\">\n\t\t\t\t<div class=\"elementor-widget-container\">\n\t\t\t\t\t<div class=\"elementor-button-wrapper\">\n\t\t\t<a class=\"elementor-button elementor-button-link elementor-size-lg elementor-animation-pulse-grow\" href=\"https:\/\/petsnossos.com\/index.php\/pastor-pv3\/\">\n\t\t\t\t\t\t<span class=\"elementor-button-content-wrapper\">\n\t\t\t\t\t\t<span class=\"elementor-button-text\">SIM, QUERO SABER MAIS<\/span>\n\t\t<\/span>\n\t\t\t\t\t<\/a>\n\t\t<\/div>\n\t\t\t\t<\/div>\n\t\t\t\t<\/div>\n\t\t\t\t<\/div>\n\t\t\t\t\t<\/div>\n\t\t\t\t<\/div>\n\t\t\t\t<\/div>\n\t\t","protected":false},"excerpt":{"rendered":"<p>CONHE\u00c7A E SAIBA COMO TRATAR SEU AMIGUINHO O Pastor Alem\u00e3o \u00e9 uma das ra\u00e7as caninas mais admiradas e respeitadas em todo o mundo, e com raz\u00e3o. Seu porte atl\u00e9tico, pelagem exuberante e express\u00e3o alerta fazem dele um c\u00e3o impressionante \u00e0 primeira vista. No entanto, as qualidades mais marcantes desta ra\u00e7a v\u00e3o muito al\u00e9m da apar\u00eancia. [&hellip;]<\/p>\n","protected":false},"author":1,"featured_media":0,"parent":0,"menu_order":0,"comment_status":"closed","ping_status":"closed","template":"elementor_canvas","meta":{"_monsterinsights_skip_tracking":false,"_monsterinsights_sitenote_active":false,"_monsterinsights_sitenote_note":"","_monsterinsights_sitenote_category":0,"footnotes":""},"class_list":["post-1540","page","type-page","status-publish","hentry","entry","owp-thumbs-layout-horizontal","owp-btn-normal","owp-tabs-layout-horizontal","has-no-thumbnails","has-product-nav"],"aioseo_notices":[],"_links":{"self":[{"href":"https:\/\/petsnossos.com.br\/index.php?rest_route=\/wp\/v2\/pages\/1540","targetHints":{"allow":["GET"]}}],"collection":[{"href":"https:\/\/petsnossos.com.br\/index.php?rest_route=\/wp\/v2\/pages"}],"about":[{"href":"https:\/\/petsnossos.com.br\/index.php?rest_route=\/wp\/v2\/types\/page"}],"author":[{"embeddable":true,"href":"https:\/\/petsnossos.com.br\/index.php?rest_route=\/wp\/v2\/users\/1"}],"replies":[{"embeddable":true,"href":"https:\/\/petsnossos.com.br\/index.php?rest_route=%2Fwp%2Fv2%2Fcomments&post=1540"}],"version-history":[{"count":136,"href":"https:\/\/petsnossos.com.br\/index.php?rest_route=\/wp\/v2\/pages\/1540\/revisions"}],"predecessor-version":[{"id":4339,"href":"https:\/\/petsnossos.com.br\/index.php?rest_route=\/wp\/v2\/pages\/1540\/revisions\/4339"}],"wp:attachment":[{"href":"https:\/\/petsnossos.com.br\/index.php?rest_route=%2Fwp%2Fv2%2Fmedia&parent=1540"}],"curies":[{"name":"wp","href":"https:\/\/api.w.org\/{rel}","templated":true}]}}