{"id":1598,"date":"2024-03-27T10:25:25","date_gmt":"2024-03-27T13:25:25","guid":{"rendered":"https:\/\/petsnossos.com.br\/?page_id=1598"},"modified":"2025-12-23T10:51:10","modified_gmt":"2025-12-23T13:51:10","slug":"shih-tzu-pv","status":"publish","type":"page","link":"https:\/\/petsnossos.com.br\/?page_id=1598","title":{"rendered":"SHIH TZU PV"},"content":{"rendered":"\t\t<div data-elementor-type=\"wp-page\" data-elementor-id=\"1598\" class=\"elementor elementor-1598\">\n\t\t\t\t<div class=\"elementor-element elementor-element-fff3aca e-flex e-con-boxed e-con e-parent\" data-id=\"fff3aca\" data-element_type=\"container\" data-settings=\"{&quot;background_background&quot;:&quot;classic&quot;,&quot;content_width&quot;:&quot;boxed&quot;}\" data-core-v316-plus=\"true\">\n\t\t\t\t\t<div class=\"e-con-inner\">\n\t\t<div class=\"elementor-element elementor-element-c37ca1f e-con-full e-flex e-con e-child\" data-id=\"c37ca1f\" data-element_type=\"container\" data-settings=\"{&quot;content_width&quot;:&quot;full&quot;}\">\n\t\t\t\t<div class=\"elementor-element elementor-element-060a0ba elementor-widget elementor-widget-image\" data-id=\"060a0ba\" data-element_type=\"widget\" data-widget_type=\"image.default\">\n\t\t\t\t<div class=\"elementor-widget-container\">\n\t\t\t<style>\/*! elementor - v3.19.0 - 28-02-2024 *\/\n.elementor-widget-image{text-align:center}.elementor-widget-image a{display:inline-block}.elementor-widget-image a img[src$=\".svg\"]{width:48px}.elementor-widget-image img{vertical-align:middle;display:inline-block}<\/style>\t\t\t\t\t\t\t\t\t\t<img fetchpriority=\"high\" decoding=\"async\" width=\"600\" height=\"600\" src=\"https:\/\/petsnossos.com.br\/wp-content\/uploads\/2024\/03\/SHIH-TZU-1.png\" class=\"attachment-large size-large wp-image-1600\" alt=\"\" srcset=\"https:\/\/petsnossos.com.br\/wp-content\/uploads\/2024\/03\/SHIH-TZU-1.png 600w, https:\/\/petsnossos.com.br\/wp-content\/uploads\/2024\/03\/SHIH-TZU-1-300x300.png 300w, https:\/\/petsnossos.com.br\/wp-content\/uploads\/2024\/03\/SHIH-TZU-1-150x150.png 150w, https:\/\/petsnossos.com.br\/wp-content\/uploads\/2024\/03\/SHIH-TZU-1-100x100.png 100w\" sizes=\"(max-width: 600px) 100vw, 600px\" \/>\t\t\t\t\t\t\t\t\t\t\t\t\t<\/div>\n\t\t\t\t<\/div>\n\t\t\t\t<\/div>\n\t\t<div class=\"elementor-element elementor-element-dbb4afc e-con-full e-flex e-con e-child\" data-id=\"dbb4afc\" data-element_type=\"container\" data-settings=\"{&quot;content_width&quot;:&quot;full&quot;}\">\n\t\t\t\t<div class=\"elementor-element elementor-element-d399de2 elementor-widget elementor-widget-heading\" data-id=\"d399de2\" data-element_type=\"widget\" data-widget_type=\"heading.default\">\n\t\t\t\t<div class=\"elementor-widget-container\">\n\t\t\t<style>\/*! elementor - v3.19.0 - 28-02-2024 *\/\n.elementor-heading-title{padding:0;margin:0;line-height:1}.elementor-widget-heading .elementor-heading-title[class*=elementor-size-]>a{color:inherit;font-size:inherit;line-height:inherit}.elementor-widget-heading .elementor-heading-title.elementor-size-small{font-size:15px}.elementor-widget-heading .elementor-heading-title.elementor-size-medium{font-size:19px}.elementor-widget-heading .elementor-heading-title.elementor-size-large{font-size:29px}.elementor-widget-heading .elementor-heading-title.elementor-size-xl{font-size:39px}.elementor-widget-heading .elementor-heading-title.elementor-size-xxl{font-size:59px}<\/style><h2 class=\"elementor-heading-title elementor-size-default\">CONHE\u00c7A E SAIBA COMO TRATAR SEU AMIGUINHO<\/h2>\t\t<\/div>\n\t\t\t\t<\/div>\n\t\t\t\t<\/div>\n\t\t<div class=\"elementor-element elementor-element-ab810a8 e-con-full e-flex e-con e-child\" data-id=\"ab810a8\" data-element_type=\"container\" data-settings=\"{&quot;content_width&quot;:&quot;full&quot;}\">\n\t\t\t\t<\/div>\n\t\t\t\t\t<\/div>\n\t\t\t\t<\/div>\n\t\t<div class=\"elementor-element elementor-element-8a12b51 e-flex e-con-boxed e-con e-parent\" data-id=\"8a12b51\" data-element_type=\"container\" data-settings=\"{&quot;background_background&quot;:&quot;classic&quot;,&quot;content_width&quot;:&quot;boxed&quot;}\" data-core-v316-plus=\"true\">\n\t\t\t\t\t<div class=\"e-con-inner\">\n\t\t\t\t<div class=\"elementor-element elementor-element-5a2b7e9 elementor-widget elementor-widget-text-editor\" data-id=\"5a2b7e9\" data-element_type=\"widget\" data-widget_type=\"text-editor.default\">\n\t\t\t\t<div class=\"elementor-widget-container\">\n\t\t\t<style>\/*! elementor - v3.19.0 - 28-02-2024 *\/\n.elementor-widget-text-editor.elementor-drop-cap-view-stacked .elementor-drop-cap{background-color:#69727d;color:#fff}.elementor-widget-text-editor.elementor-drop-cap-view-framed .elementor-drop-cap{color:#69727d;border:3px solid;background-color:transparent}.elementor-widget-text-editor:not(.elementor-drop-cap-view-default) .elementor-drop-cap{margin-top:8px}.elementor-widget-text-editor:not(.elementor-drop-cap-view-default) .elementor-drop-cap-letter{width:1em;height:1em}.elementor-widget-text-editor .elementor-drop-cap{float:left;text-align:center;line-height:1;font-size:50px}.elementor-widget-text-editor .elementor-drop-cap-letter{display:inline-block}<\/style>\t\t\t\t<div class=\"w-full text-token-text-primary\" data-testid=\"conversation-turn-6\"><div class=\"px-4 py-2 justify-center text-base md:gap-6 m-auto\"><div class=\"flex flex-1 text-base mx-auto gap-3 md:px-5 lg:px-1 xl:px-5 md:max-w-3xl lg:max-w-[40rem] xl:max-w-[48rem] group\"><div class=\"relative flex w-full flex-col\"><div class=\"flex-col gap-1 md:gap-3\"><div class=\"flex flex-grow flex-col max-w-full\"><div class=\"min-h-[20px] text-message flex flex-col items-start gap-3 whitespace-pre-wrap break-words [.text-message+&amp;]:mt-5 overflow-x-auto\" data-message-author-role=\"user\" data-message-id=\"aaa2fbc9-80d1-4222-89fd-907b3a146066\">O Shih Tzu \u00e9 uma ra\u00e7a de c\u00e3es encantadora e cheia de personalidade. Com seu pelo longo e sedoso, olhos expressivos e apar\u00eancia distinta, o Shih Tzu conquista cora\u00e7\u00f5es em todo o mundo. No entanto, suas qualidades v\u00e3o muito al\u00e9m da beleza exterior.<\/div><\/div><\/div><\/div><\/div><\/div><\/div><div class=\"w-full text-token-text-primary\" data-testid=\"conversation-turn-7\"><div class=\"px-4 py-2 justify-center text-base md:gap-6 m-auto\"><div class=\"flex flex-1 text-base mx-auto gap-3 md:px-5 lg:px-1 xl:px-5 md:max-w-3xl lg:max-w-[40rem] xl:max-w-[48rem] group final-completion\"><div class=\"relative flex w-full flex-col agent-turn\"><div class=\"flex-col gap-1 md:gap-3\"><div class=\"flex flex-grow flex-col max-w-full\"><div class=\"min-h-[20px] text-message flex flex-col items-start gap-3 whitespace-pre-wrap break-words [.text-message+&amp;]:mt-5 overflow-x-auto\" data-message-author-role=\"assistant\" data-message-id=\"397a8726-8493-478b-be80-df33dea21fde\"><div class=\"markdown prose w-full break-words dark:prose-invert light\"><p>Esses c\u00e3es s\u00e3o conhecidos por sua natureza afetuosa, amig\u00e1vel e alegre. S\u00e3o \u00f3timos companheiros para fam\u00edlias, idosos e pessoas de todas as idades. Al\u00e9m disso, s\u00e3o c\u00e3es inteligentes e de f\u00e1cil conviv\u00eancia, o que os torna ideais para ambientes urbanos.<\/p><p>Para desenvolver uma intera\u00e7\u00e3o harmoniosa entre um Shih Tzu e seu tutor, \u00e9 fundamental ter um conhecimento profundo das caracter\u00edsticas da ra\u00e7a. Esses c\u00e3es t\u00eam necessidades espec\u00edficas de cuidados, incluindo cuidados com a pelagem, socializa\u00e7\u00e3o adequada e treinamento consistente.<\/p><p>Nosso e-Book\u00a0 \u00e9 uma ferramenta valiosa para os tutores que desejam fortalecer o v\u00ednculo com seus Shih Tzus. Este guia abrangente oferece insights sobre a hist\u00f3ria e as caracter\u00edsticas da ra\u00e7a, cuidados espec\u00edficos com a sa\u00fade e alimenta\u00e7\u00e3o, dicas de treinamento e muito mais. Ao adquirir esse e-Book, os tutores estar\u00e3o mais bem preparados para oferecer ao seu Shih Tzu uma vida feliz, saud\u00e1vel e equilibrada.<\/p><p>Investir no conhecimento proporcionado pelo e-Book\u00a0 \u00e9 investir no bem-estar e na felicidade do seu c\u00e3o. N\u00e3o perca a oportunidade de aprimorar sua rela\u00e7\u00e3o com seu Shih Tzu, adquira agora mesmo o e-Book e descubra como proporcionar uma vida plena e gratificante para seu fiel companheiro de quatro patas.<\/p><p>CONHECER \u00c9 FUNDAMENTAL PARA FAZER CERTO!!!<\/p><\/div><\/div><\/div><div class=\"mt-1 flex justify-start gap-3 empty:hidden\"><div class=\"text-gray-400 flex self-end lg:self-center items-center justify-center lg:justify-start mt-0 -ml-1 h-7 gap-[2px] visible\"><div class=\"flex items-center gap-1.5 text-xs\">\u00a0<\/div><div class=\"flex\">\u00a0<\/div><\/div><\/div><div class=\"pr-2 lg:pr-0\">\u00a0<\/div><\/div><\/div><\/div><\/div><\/div><div class=\"mx-auto\"><div><div class=\"mx-auto mt-2 inline-flex rounded-xl border border-gray-100 dark:border-gray-700\">\u00a0<\/div><\/div><\/div>\t\t\t\t\t\t<\/div>\n\t\t\t\t<\/div>\n\t\t\t\t\t<\/div>\n\t\t\t\t<\/div>\n\t\t<div class=\"elementor-element elementor-element-85f8ff3 e-flex e-con-boxed e-con e-parent\" data-id=\"85f8ff3\" data-element_type=\"container\" data-settings=\"{&quot;background_background&quot;:&quot;classic&quot;,&quot;content_width&quot;:&quot;boxed&quot;}\" data-core-v316-plus=\"true\">\n\t\t\t\t\t<div class=\"e-con-inner\">\n\t\t<div class=\"elementor-element elementor-element-fb19f1b e-con-full e-flex e-con e-child\" data-id=\"fb19f1b\" data-element_type=\"container\" data-settings=\"{&quot;content_width&quot;:&quot;full&quot;}\">\n\t\t\t\t<div class=\"elementor-element elementor-element-2ab87ec elementor-align-center elementor-widget elementor-widget-button\" data-id=\"2ab87ec\" data-element_type=\"widget\" data-widget_type=\"button.default\">\n\t\t\t\t<div class=\"elementor-widget-container\">\n\t\t\t\t\t<div class=\"elementor-button-wrapper\">\n\t\t\t<a class=\"elementor-button elementor-button-link elementor-size-lg elementor-animation-pulse-grow\" href=\"https:\/\/petsnossos.com.br\/?page_id=60\">\n\t\t\t\t\t\t<span class=\"elementor-button-content-wrapper\">\n\t\t\t\t\t\t<span class=\"elementor-button-text\">RETORNAR EBOOKS<\/span>\n\t\t<\/span>\n\t\t\t\t\t<\/a>\n\t\t<\/div>\n\t\t\t\t<\/div>\n\t\t\t\t<\/div>\n\t\t\t\t<\/div>\n\t\t<div class=\"elementor-element elementor-element-6a8eb22 e-con-full e-flex e-con e-child\" data-id=\"6a8eb22\" data-element_type=\"container\" data-settings=\"{&quot;content_width&quot;:&quot;full&quot;}\">\n\t\t\t\t<div class=\"elementor-element elementor-element-43f766b elementor-align-center elementor-widget elementor-widget-button\" data-id=\"43f766b\" data-element_type=\"widget\" data-widget_type=\"button.default\">\n\t\t\t\t<div class=\"elementor-widget-container\">\n\t\t\t\t\t<div class=\"elementor-button-wrapper\">\n\t\t\t<a class=\"elementor-button elementor-button-link elementor-size-lg elementor-animation-pulse-grow\" href=\"https:\/\/petsnossos.com\/index.php\/shih-tzu-pv3\/\">\n\t\t\t\t\t\t<span class=\"elementor-button-content-wrapper\">\n\t\t\t\t\t\t<span class=\"elementor-button-text\">SIM, QUERO SABER MAIS<\/span>\n\t\t<\/span>\n\t\t\t\t\t<\/a>\n\t\t<\/div>\n\t\t\t\t<\/div>\n\t\t\t\t<\/div>\n\t\t\t\t<\/div>\n\t\t\t\t\t<\/div>\n\t\t\t\t<\/div>\n\t\t\t\t<\/div>\n\t\t","protected":false},"excerpt":{"rendered":"<p>CONHE\u00c7A E SAIBA COMO TRATAR SEU AMIGUINHO O Shih Tzu \u00e9 uma ra\u00e7a de c\u00e3es encantadora e cheia de personalidade. Com seu pelo longo e sedoso, olhos expressivos e apar\u00eancia distinta, o Shih Tzu conquista cora\u00e7\u00f5es em todo o mundo. No entanto, suas qualidades v\u00e3o muito al\u00e9m da beleza exterior. Esses c\u00e3es s\u00e3o conhecidos por [&hellip;]<\/p>\n","protected":false},"author":1,"featured_media":0,"parent":0,"menu_order":0,"comment_status":"closed","ping_status":"closed","template":"elementor_canvas","meta":{"_monsterinsights_skip_tracking":false,"_monsterinsights_sitenote_active":false,"_monsterinsights_sitenote_note":"","_monsterinsights_sitenote_category":0,"footnotes":""},"class_list":["post-1598","page","type-page","status-publish","hentry","entry","owp-thumbs-layout-horizontal","owp-btn-normal","owp-tabs-layout-horizontal","has-no-thumbnails","has-product-nav"],"aioseo_notices":[],"_links":{"self":[{"href":"https:\/\/petsnossos.com.br\/index.php?rest_route=\/wp\/v2\/pages\/1598","targetHints":{"allow":["GET"]}}],"collection":[{"href":"https:\/\/petsnossos.com.br\/index.php?rest_route=\/wp\/v2\/pages"}],"about":[{"href":"https:\/\/petsnossos.com.br\/index.php?rest_route=\/wp\/v2\/types\/page"}],"author":[{"embeddable":true,"href":"https:\/\/petsnossos.com.br\/index.php?rest_route=\/wp\/v2\/users\/1"}],"replies":[{"embeddable":true,"href":"https:\/\/petsnossos.com.br\/index.php?rest_route=%2Fwp%2Fv2%2Fcomments&post=1598"}],"version-history":[{"count":103,"href":"https:\/\/petsnossos.com.br\/index.php?rest_route=\/wp\/v2\/pages\/1598\/revisions"}],"predecessor-version":[{"id":3934,"href":"https:\/\/petsnossos.com.br\/index.php?rest_route=\/wp\/v2\/pages\/1598\/revisions\/3934"}],"wp:attachment":[{"href":"https:\/\/petsnossos.com.br\/index.php?rest_route=%2Fwp%2Fv2%2Fmedia&parent=1598"}],"curies":[{"name":"wp","href":"https:\/\/api.w.org\/{rel}","templated":true}]}}