{"id":1659,"date":"2024-03-27T10:58:15","date_gmt":"2024-03-27T13:58:15","guid":{"rendered":"https:\/\/petsnossos.com.br\/?page_id=1659"},"modified":"2025-12-23T10:55:14","modified_gmt":"2025-12-23T13:55:14","slug":"pequines-pv","status":"publish","type":"page","link":"https:\/\/petsnossos.com.br\/?page_id=1659","title":{"rendered":"PEQUINES PV"},"content":{"rendered":"\t\t<div data-elementor-type=\"wp-page\" data-elementor-id=\"1659\" class=\"elementor elementor-1659\">\n\t\t\t\t<div class=\"elementor-element elementor-element-9549989 e-flex e-con-boxed e-con e-parent\" data-id=\"9549989\" data-element_type=\"container\" data-settings=\"{&quot;background_background&quot;:&quot;classic&quot;,&quot;content_width&quot;:&quot;boxed&quot;}\" data-core-v316-plus=\"true\">\n\t\t\t\t\t<div class=\"e-con-inner\">\n\t\t<div class=\"elementor-element elementor-element-53f4ce7 e-con-full e-flex e-con e-child\" data-id=\"53f4ce7\" data-element_type=\"container\" data-settings=\"{&quot;content_width&quot;:&quot;full&quot;}\">\n\t\t\t\t<div class=\"elementor-element elementor-element-269ef96 elementor-widget elementor-widget-image\" data-id=\"269ef96\" data-element_type=\"widget\" data-widget_type=\"image.default\">\n\t\t\t\t<div class=\"elementor-widget-container\">\n\t\t\t<style>\/*! elementor - v3.19.0 - 28-02-2024 *\/\n.elementor-widget-image{text-align:center}.elementor-widget-image a{display:inline-block}.elementor-widget-image a img[src$=\".svg\"]{width:48px}.elementor-widget-image img{vertical-align:middle;display:inline-block}<\/style>\t\t\t\t\t\t\t\t\t\t<img fetchpriority=\"high\" decoding=\"async\" width=\"600\" height=\"600\" src=\"https:\/\/petsnossos.com.br\/wp-content\/uploads\/2024\/03\/PEQUINES-1.png\" class=\"attachment-large size-large wp-image-1664\" alt=\"\" srcset=\"https:\/\/petsnossos.com.br\/wp-content\/uploads\/2024\/03\/PEQUINES-1.png 600w, https:\/\/petsnossos.com.br\/wp-content\/uploads\/2024\/03\/PEQUINES-1-300x300.png 300w, https:\/\/petsnossos.com.br\/wp-content\/uploads\/2024\/03\/PEQUINES-1-150x150.png 150w, https:\/\/petsnossos.com.br\/wp-content\/uploads\/2024\/03\/PEQUINES-1-100x100.png 100w\" sizes=\"(max-width: 600px) 100vw, 600px\" \/>\t\t\t\t\t\t\t\t\t\t\t\t\t<\/div>\n\t\t\t\t<\/div>\n\t\t\t\t<\/div>\n\t\t<div class=\"elementor-element elementor-element-a3df1ac e-con-full e-flex e-con e-child\" data-id=\"a3df1ac\" data-element_type=\"container\" data-settings=\"{&quot;content_width&quot;:&quot;full&quot;}\">\n\t\t\t\t<div class=\"elementor-element elementor-element-f0b0d48 elementor-widget elementor-widget-heading\" data-id=\"f0b0d48\" data-element_type=\"widget\" data-widget_type=\"heading.default\">\n\t\t\t\t<div class=\"elementor-widget-container\">\n\t\t\t<style>\/*! elementor - v3.19.0 - 28-02-2024 *\/\n.elementor-heading-title{padding:0;margin:0;line-height:1}.elementor-widget-heading .elementor-heading-title[class*=elementor-size-]>a{color:inherit;font-size:inherit;line-height:inherit}.elementor-widget-heading .elementor-heading-title.elementor-size-small{font-size:15px}.elementor-widget-heading .elementor-heading-title.elementor-size-medium{font-size:19px}.elementor-widget-heading .elementor-heading-title.elementor-size-large{font-size:29px}.elementor-widget-heading .elementor-heading-title.elementor-size-xl{font-size:39px}.elementor-widget-heading .elementor-heading-title.elementor-size-xxl{font-size:59px}<\/style><h2 class=\"elementor-heading-title elementor-size-default\">CONHE\u00c7A E SAIBA COMO TRATAR SEU AMIGUINHO<\/h2>\t\t<\/div>\n\t\t\t\t<\/div>\n\t\t\t\t<\/div>\n\t\t\t\t\t<\/div>\n\t\t\t\t<\/div>\n\t\t<div class=\"elementor-element elementor-element-09179d4 e-flex e-con-boxed e-con e-parent\" data-id=\"09179d4\" data-element_type=\"container\" data-settings=\"{&quot;background_background&quot;:&quot;classic&quot;,&quot;content_width&quot;:&quot;boxed&quot;}\" data-core-v316-plus=\"true\">\n\t\t\t\t\t<div class=\"e-con-inner\">\n\t\t\t\t<div class=\"elementor-element elementor-element-7d34bc2 elementor-widget elementor-widget-text-editor\" data-id=\"7d34bc2\" data-element_type=\"widget\" data-widget_type=\"text-editor.default\">\n\t\t\t\t<div class=\"elementor-widget-container\">\n\t\t\t<style>\/*! elementor - v3.19.0 - 28-02-2024 *\/\n.elementor-widget-text-editor.elementor-drop-cap-view-stacked .elementor-drop-cap{background-color:#69727d;color:#fff}.elementor-widget-text-editor.elementor-drop-cap-view-framed .elementor-drop-cap{color:#69727d;border:3px solid;background-color:transparent}.elementor-widget-text-editor:not(.elementor-drop-cap-view-default) .elementor-drop-cap{margin-top:8px}.elementor-widget-text-editor:not(.elementor-drop-cap-view-default) .elementor-drop-cap-letter{width:1em;height:1em}.elementor-widget-text-editor .elementor-drop-cap{float:left;text-align:center;line-height:1;font-size:50px}.elementor-widget-text-editor .elementor-drop-cap-letter{display:inline-block}<\/style>\t\t\t\t<div class=\"flex-1 overflow-hidden\"><div class=\"react-scroll-to-bottom--css-xbiep-79elbk h-full\"><div class=\"react-scroll-to-bottom--css-xbiep-1n7m0yu\"><div class=\"flex flex-col text-sm pb-9\"><div class=\"w-full text-token-text-primary\" data-testid=\"conversation-turn-9\"><div class=\"px-4 py-2 justify-center text-base md:gap-6 m-auto\"><div class=\"flex flex-1 text-base mx-auto gap-3 md:px-5 lg:px-1 xl:px-5 md:max-w-3xl lg:max-w-[40rem] xl:max-w-[48rem] group final-completion\"><div class=\"relative flex w-full flex-col agent-turn\"><div class=\"flex-col gap-1 md:gap-3\"><div class=\"flex flex-grow flex-col max-w-full\"><div class=\"min-h-[20px] text-message flex flex-col items-start gap-3 whitespace-pre-wrap break-words [.text-message+&amp;]:mt-5 overflow-x-auto\" data-message-author-role=\"assistant\" data-message-id=\"375393d7-e50f-4369-907e-f6f7cdfd4ce3\"><div class=\"markdown prose w-full break-words dark:prose-invert light\"><p>O Pequin\u00eas \u00e9 uma ra\u00e7a de c\u00e3es \u00fanica e fascinante, com uma hist\u00f3ria rica e um temperamento cativante. Conhecidos por sua apar\u00eancia distintiva, com um rosto achatado e express\u00e3o alerta, esses c\u00e3es s\u00e3o verdadeiras joias caninas. No entanto, as qualidades mais marcantes do Pequin\u00eas v\u00e3o al\u00e9m da sua apar\u00eancia.<\/p><p>Esses c\u00e3es s\u00e3o conhecidos por sua lealdade inabal\u00e1vel e pelo v\u00ednculo profundo que desenvolvem com seus tutores. Apesar de seu tamanho pequeno, possuem uma personalidade forte e determinada, o que os torna c\u00e3es de guarda corajosos e alertas.<\/p><p>Para desenvolver uma intera\u00e7\u00e3o harmoniosa com um Pequin\u00eas, \u00e9 essencial ter um conhecimento profundo das caracter\u00edsticas da ra\u00e7a. Esses c\u00e3es t\u00eam necessidades espec\u00edficas de cuidados, incluindo cuidados com a pelagem, treinamento adequado e socializa\u00e7\u00e3o desde cedo.<\/p><p>Nosso\u00a0 e-Book\u00a0 \u00e9 uma ferramenta valiosa para os tutores que desejam fortalecer o v\u00ednculo com seus Pequin\u00eas. Este guia abrangente oferece insights sobre a hist\u00f3ria e as caracter\u00edsticas da ra\u00e7a, cuidados espec\u00edficos com a sa\u00fade e alimenta\u00e7\u00e3o, dicas de treinamento e muito mais. Ao adquirir esse eBook, os tutores estar\u00e3o mais bem preparados para oferecer ao seu Pequin\u00eas uma vida feliz, saud\u00e1vel e equilibrada.<\/p><p>Investir no conhecimento proporcionado pelo e-Book\u00a0 \u00e9 investir no bem-estar e na felicidade do seu c\u00e3o. N\u00e3o perca a oportunidade de aprimorar sua rela\u00e7\u00e3o com seu Pequin\u00eas, adquira agora mesmo o e-Book e descubra como proporcionar uma vida plena e gratificante para seu fiel companheiro de quatro patas.<\/p><p>CONHECER \u00c9 FUNDAMENTAL PARA FAZER CERTO!!!<\/p><\/div><\/div><\/div><div class=\"mt-1 flex justify-start gap-3 empty:hidden\"><div class=\"text-gray-400 flex self-end lg:self-center items-center justify-center lg:justify-start mt-0 -ml-1 h-7 gap-[2px] visible\"><div class=\"flex items-center gap-1.5 text-xs\">\u00a0<\/div><div class=\"flex\">\u00a0<\/div><\/div><\/div><div class=\"pr-2 lg:pr-0\">\u00a0<\/div><\/div><div class=\"absolute\"><div class=\"flex w-full gap-2 items-center justify-center\">\u00a0<\/div><\/div><\/div><\/div><\/div><\/div><\/div><\/div><\/div><\/div><div class=\"w-full pt-2 md:pt-0 dark:border-white\/20 md:border-transparent md:dark:border-transparent md:w-[calc(100%-.5rem)]\"><form class=\"stretch mx-2 flex flex-row gap-3 last:mb-2 md:mx-4 md:last:mb-6 lg:mx-auto lg:max-w-2xl xl:max-w-3xl\"><div class=\"relative flex h-full flex-1 flex-col\"><div class=\"absolute bottom-full left-0 right-0\">\u00a0<\/div><div class=\"flex w-full items-center\">\u00a0<\/div><\/div><\/form><\/div>\t\t\t\t\t\t<\/div>\n\t\t\t\t<\/div>\n\t\t\t\t\t<\/div>\n\t\t\t\t<\/div>\n\t\t<div class=\"elementor-element elementor-element-26ec6cc e-flex e-con-boxed e-con e-parent\" data-id=\"26ec6cc\" data-element_type=\"container\" data-settings=\"{&quot;background_background&quot;:&quot;classic&quot;,&quot;content_width&quot;:&quot;boxed&quot;}\" data-core-v316-plus=\"true\">\n\t\t\t\t\t<div class=\"e-con-inner\">\n\t\t<div class=\"elementor-element elementor-element-82f110e e-con-full e-flex e-con e-child\" data-id=\"82f110e\" data-element_type=\"container\" data-settings=\"{&quot;content_width&quot;:&quot;full&quot;}\">\n\t\t\t\t<div class=\"elementor-element elementor-element-b760686 elementor-align-center elementor-widget elementor-widget-button\" data-id=\"b760686\" data-element_type=\"widget\" data-widget_type=\"button.default\">\n\t\t\t\t<div class=\"elementor-widget-container\">\n\t\t\t\t\t<div class=\"elementor-button-wrapper\">\n\t\t\t<a class=\"elementor-button elementor-button-link elementor-size-lg elementor-animation-pulse-grow\" href=\"https:\/\/petsnossos.com.br\/?page_id=60%20\">\n\t\t\t\t\t\t<span class=\"elementor-button-content-wrapper\">\n\t\t\t\t\t\t<span class=\"elementor-button-text\">RETORNAR EBOOKS<\/span>\n\t\t<\/span>\n\t\t\t\t\t<\/a>\n\t\t<\/div>\n\t\t\t\t<\/div>\n\t\t\t\t<\/div>\n\t\t\t\t<\/div>\n\t\t<div class=\"elementor-element elementor-element-d598e6e e-con-full e-flex e-con e-child\" data-id=\"d598e6e\" data-element_type=\"container\" data-settings=\"{&quot;content_width&quot;:&quot;full&quot;}\">\n\t\t\t\t<div class=\"elementor-element elementor-element-fa12bad elementor-align-center elementor-widget elementor-widget-button\" data-id=\"fa12bad\" data-element_type=\"widget\" data-widget_type=\"button.default\">\n\t\t\t\t<div class=\"elementor-widget-container\">\n\t\t\t\t\t<div class=\"elementor-button-wrapper\">\n\t\t\t<a class=\"elementor-button elementor-button-link elementor-size-lg elementor-animation-pulse-grow\" href=\"https:\/\/petsnossos.com\/index.php\/pequines-pv3\/\">\n\t\t\t\t\t\t<span class=\"elementor-button-content-wrapper\">\n\t\t\t\t\t\t<span class=\"elementor-button-text\">SIM, QUERO SABER MAIS<\/span>\n\t\t<\/span>\n\t\t\t\t\t<\/a>\n\t\t<\/div>\n\t\t\t\t<\/div>\n\t\t\t\t<\/div>\n\t\t\t\t<\/div>\n\t\t\t\t\t<\/div>\n\t\t\t\t<\/div>\n\t\t\t\t<\/div>\n\t\t","protected":false},"excerpt":{"rendered":"<p>CONHE\u00c7A E SAIBA COMO TRATAR SEU AMIGUINHO O Pequin\u00eas \u00e9 uma ra\u00e7a de c\u00e3es \u00fanica e fascinante, com uma hist\u00f3ria rica e um temperamento cativante. Conhecidos por sua apar\u00eancia distintiva, com um rosto achatado e express\u00e3o alerta, esses c\u00e3es s\u00e3o verdadeiras joias caninas. No entanto, as qualidades mais marcantes do Pequin\u00eas v\u00e3o al\u00e9m da sua [&hellip;]<\/p>\n","protected":false},"author":1,"featured_media":0,"parent":0,"menu_order":0,"comment_status":"closed","ping_status":"closed","template":"elementor_canvas","meta":{"_monsterinsights_skip_tracking":false,"_monsterinsights_sitenote_active":false,"_monsterinsights_sitenote_note":"","_monsterinsights_sitenote_category":0,"footnotes":""},"class_list":["post-1659","page","type-page","status-publish","hentry","entry","owp-thumbs-layout-horizontal","owp-btn-normal","owp-tabs-layout-horizontal","has-no-thumbnails","has-product-nav"],"aioseo_notices":[],"_links":{"self":[{"href":"https:\/\/petsnossos.com.br\/index.php?rest_route=\/wp\/v2\/pages\/1659","targetHints":{"allow":["GET"]}}],"collection":[{"href":"https:\/\/petsnossos.com.br\/index.php?rest_route=\/wp\/v2\/pages"}],"about":[{"href":"https:\/\/petsnossos.com.br\/index.php?rest_route=\/wp\/v2\/types\/page"}],"author":[{"embeddable":true,"href":"https:\/\/petsnossos.com.br\/index.php?rest_route=\/wp\/v2\/users\/1"}],"replies":[{"embeddable":true,"href":"https:\/\/petsnossos.com.br\/index.php?rest_route=%2Fwp%2Fv2%2Fcomments&post=1659"}],"version-history":[{"count":103,"href":"https:\/\/petsnossos.com.br\/index.php?rest_route=\/wp\/v2\/pages\/1659\/revisions"}],"predecessor-version":[{"id":3943,"href":"https:\/\/petsnossos.com.br\/index.php?rest_route=\/wp\/v2\/pages\/1659\/revisions\/3943"}],"wp:attachment":[{"href":"https:\/\/petsnossos.com.br\/index.php?rest_route=%2Fwp%2Fv2%2Fmedia&parent=1659"}],"curies":[{"name":"wp","href":"https:\/\/api.w.org\/{rel}","templated":true}]}}