{"id":418,"date":"2024-03-20T18:19:52","date_gmt":"2024-03-20T21:19:52","guid":{"rendered":"https:\/\/petsnossos.com.br\/?page_id=418"},"modified":"2026-01-27T09:49:48","modified_gmt":"2026-01-27T12:49:48","slug":"beagle-pv","status":"publish","type":"page","link":"https:\/\/petsnossos.com.br\/?page_id=418","title":{"rendered":"BEAGLE PV"},"content":{"rendered":"\t\t<div data-elementor-type=\"wp-page\" data-elementor-id=\"418\" class=\"elementor elementor-418\">\n\t\t\t\t<div class=\"elementor-element elementor-element-a943086 e-flex e-con-boxed e-con e-parent\" data-id=\"a943086\" data-element_type=\"container\" data-settings=\"{&quot;background_background&quot;:&quot;classic&quot;,&quot;content_width&quot;:&quot;boxed&quot;}\" data-core-v316-plus=\"true\">\n\t\t\t\t\t<div class=\"e-con-inner\">\n\t\t<div class=\"elementor-element elementor-element-5483657 e-con-full e-flex e-con e-child\" data-id=\"5483657\" data-element_type=\"container\" data-settings=\"{&quot;content_width&quot;:&quot;full&quot;}\">\n\t\t\t\t<div class=\"elementor-element elementor-element-dcbe8ec elementor-widget elementor-widget-image\" data-id=\"dcbe8ec\" data-element_type=\"widget\" data-widget_type=\"image.default\">\n\t\t\t\t<div class=\"elementor-widget-container\">\n\t\t\t<style>\/*! elementor - v3.19.0 - 28-02-2024 *\/\n.elementor-widget-image{text-align:center}.elementor-widget-image a{display:inline-block}.elementor-widget-image a img[src$=\".svg\"]{width:48px}.elementor-widget-image img{vertical-align:middle;display:inline-block}<\/style>\t\t\t\t\t\t\t\t\t\t<img fetchpriority=\"high\" decoding=\"async\" width=\"600\" height=\"600\" src=\"https:\/\/petsnossos.com.br\/wp-content\/uploads\/2024\/03\/BEAGLE.png\" class=\"attachment-large size-large wp-image-192\" alt=\"\" srcset=\"https:\/\/petsnossos.com.br\/wp-content\/uploads\/2024\/03\/BEAGLE.png 600w, https:\/\/petsnossos.com.br\/wp-content\/uploads\/2024\/03\/BEAGLE-300x300.png 300w, https:\/\/petsnossos.com.br\/wp-content\/uploads\/2024\/03\/BEAGLE-150x150.png 150w, https:\/\/petsnossos.com.br\/wp-content\/uploads\/2024\/03\/BEAGLE-100x100.png 100w\" sizes=\"(max-width: 600px) 100vw, 600px\" \/>\t\t\t\t\t\t\t\t\t\t\t\t\t<\/div>\n\t\t\t\t<\/div>\n\t\t\t\t<\/div>\n\t\t<div class=\"elementor-element elementor-element-73013f1 e-con-full e-flex e-con e-child\" data-id=\"73013f1\" data-element_type=\"container\" data-settings=\"{&quot;content_width&quot;:&quot;full&quot;}\">\n\t\t\t\t<div class=\"elementor-element elementor-element-d6c2783 elementor-widget elementor-widget-heading\" data-id=\"d6c2783\" data-element_type=\"widget\" data-widget_type=\"heading.default\">\n\t\t\t\t<div class=\"elementor-widget-container\">\n\t\t\t<style>\/*! elementor - v3.19.0 - 28-02-2024 *\/\n.elementor-heading-title{padding:0;margin:0;line-height:1}.elementor-widget-heading .elementor-heading-title[class*=elementor-size-]>a{color:inherit;font-size:inherit;line-height:inherit}.elementor-widget-heading .elementor-heading-title.elementor-size-small{font-size:15px}.elementor-widget-heading .elementor-heading-title.elementor-size-medium{font-size:19px}.elementor-widget-heading .elementor-heading-title.elementor-size-large{font-size:29px}.elementor-widget-heading .elementor-heading-title.elementor-size-xl{font-size:39px}.elementor-widget-heading .elementor-heading-title.elementor-size-xxl{font-size:59px}<\/style><h2 class=\"elementor-heading-title elementor-size-default\"> CONHE\u00c7A E SAIBA COMO TRATAR SEU AMIGUINHO<\/h2>\t\t<\/div>\n\t\t\t\t<\/div>\n\t\t\t\t<\/div>\n\t\t<div class=\"elementor-element elementor-element-0aa5759 e-con-full e-flex e-con e-child\" data-id=\"0aa5759\" data-element_type=\"container\" data-settings=\"{&quot;content_width&quot;:&quot;full&quot;}\">\n\t\t\t\t<\/div>\n\t\t\t\t\t<\/div>\n\t\t\t\t<\/div>\n\t\t<div class=\"elementor-element elementor-element-d73a852 e-flex e-con-boxed e-con e-parent\" data-id=\"d73a852\" data-element_type=\"container\" data-settings=\"{&quot;background_background&quot;:&quot;classic&quot;,&quot;content_width&quot;:&quot;boxed&quot;}\" data-core-v316-plus=\"true\">\n\t\t\t\t\t<div class=\"e-con-inner\">\n\t\t\t\t<div class=\"elementor-element elementor-element-f65e3c0 elementor-widget elementor-widget-text-editor\" data-id=\"f65e3c0\" data-element_type=\"widget\" data-widget_type=\"text-editor.default\">\n\t\t\t\t<div class=\"elementor-widget-container\">\n\t\t\t<style>\/*! elementor - v3.19.0 - 28-02-2024 *\/\n.elementor-widget-text-editor.elementor-drop-cap-view-stacked .elementor-drop-cap{background-color:#69727d;color:#fff}.elementor-widget-text-editor.elementor-drop-cap-view-framed .elementor-drop-cap{color:#69727d;border:3px solid;background-color:transparent}.elementor-widget-text-editor:not(.elementor-drop-cap-view-default) .elementor-drop-cap{margin-top:8px}.elementor-widget-text-editor:not(.elementor-drop-cap-view-default) .elementor-drop-cap-letter{width:1em;height:1em}.elementor-widget-text-editor .elementor-drop-cap{float:left;text-align:center;line-height:1;font-size:50px}.elementor-widget-text-editor .elementor-drop-cap-letter{display:inline-block}<\/style>\t\t\t\t<div class=\"flex-1 overflow-hidden\"><div class=\"react-scroll-to-bottom--css-yuokj-79elbk h-full\"><div class=\"react-scroll-to-bottom--css-yuokj-1n7m0yu\"><div class=\"flex flex-col text-sm pb-9\"><div class=\"w-full text-token-text-primary\" data-testid=\"conversation-turn-3\"><div class=\"px-4 py-2 justify-center text-base md:gap-6 m-auto\"><div class=\"flex flex-1 text-base mx-auto gap-3 md:px-5 lg:px-1 xl:px-5 md:max-w-3xl lg:max-w-[40rem] xl:max-w-[48rem] group final-completion\"><div class=\"relative flex w-full flex-col agent-turn\"><div class=\"flex-col gap-1 md:gap-3\"><div class=\"flex flex-grow flex-col max-w-full\"><div class=\"min-h-[20px] text-message flex flex-col items-start gap-3 whitespace-pre-wrap break-words [.text-message+&amp;]:mt-5 overflow-x-auto\" data-message-author-role=\"assistant\" data-message-id=\"87ef2522-1737-4a43-9b37-da28a58d486e\"><div class=\"markdown prose w-full break-words dark:prose-invert light\"><p>O Beagle \u00e9 uma ra\u00e7a de c\u00e3es ador\u00e1vel e cheia de qualidades que encantam seus tutores. Com sua express\u00e3o amig\u00e1vel, olhos doces e orelhas ca\u00eddas, \u00e9 imposs\u00edvel resistir ao charme desses c\u00e3ezinhos. Al\u00e9m de sua apar\u00eancia cativante, os Beagles s\u00e3o conhecidos por sua personalidade alegre, carinhosa e brincalhona. S\u00e3o c\u00e3es muito soci\u00e1veis, que adoram estar perto de suas fam\u00edlias e se d\u00e3o bem com crian\u00e7as e outros animais de estima\u00e7\u00e3o.<\/p><p>Uma caracter\u00edstica marcante dos Beagles \u00e9 sua incr\u00edvel capacidade olfativa. Eles s\u00e3o farejadores natos e adoram seguir rastros e investigar odores interessantes. Isso os torna \u00f3timos companheiros para atividades ao ar livre, como caminhadas e corridas, al\u00e9m de serem excelentes c\u00e3es de ca\u00e7a.<\/p><p>Para garantir uma intera\u00e7\u00e3o harmoniosa entre o Beagle e seu tutor, \u00e9 importante conhecer bem as caracter\u00edsticas da ra\u00e7a. Os Beagles s\u00e3o c\u00e3es ativos e inteligentes, que precisam de est\u00edmulo mental e exerc\u00edcio f\u00edsico regular para evitar comportamentos indesejados, como destrui\u00e7\u00e3o de objetos e latidos excessivos. Este e-Book \u00e9 espec\u00edfico para a ra\u00e7a, fugindo de conceitos gen\u00e9ricos que muitas vezes se mostram ineficientes!!!<\/p><p>Em resumo, o Beagle \u00e9 uma ra\u00e7a maravilhosa, cheia de energia e alegria, que pode trazer muita felicidade para a vida de seus tutores. Com o conhecimento adequado das caracter\u00edsticas da ra\u00e7a e o cuidado necess\u00e1rio, \u00e9 poss\u00edvel desenvolver uma rela\u00e7\u00e3o harmoniosa e gratificante com esse c\u00e3ozinho t\u00e3o especial.<\/p><div class=\"flex-1 overflow-hidden\"><div class=\"react-scroll-to-bottom--css-yuokj-79elbk h-full\"><div class=\"react-scroll-to-bottom--css-yuokj-1n7m0yu\"><div class=\"flex flex-col text-sm pb-9\"><div class=\"w-full text-token-text-primary\" data-testid=\"conversation-turn-5\"><div class=\"px-4 py-2 justify-center text-base md:gap-6 m-auto\"><div class=\"flex flex-1 text-base mx-auto gap-3 md:px-5 lg:px-1 xl:px-5 md:max-w-3xl lg:max-w-[40rem] xl:max-w-[48rem] group final-completion\"><div class=\"relative flex w-full flex-col agent-turn\"><div class=\"flex-col gap-1 md:gap-3\"><div class=\"flex flex-grow flex-col max-w-full\"><div class=\"min-h-[20px] text-message flex flex-col items-start gap-3 whitespace-pre-wrap break-words [.text-message+&amp;]:mt-5 overflow-x-auto\" data-message-author-role=\"assistant\" data-message-id=\"64787c97-e49e-4de5-bb84-5b77002fef0c\"><div class=\"markdown prose w-full break-words dark:prose-invert light\"><p>Adquirir conhecimento sobre a ra\u00e7a do seu c\u00e3o \u00e9 essencial para garantir uma rela\u00e7\u00e3o harmoniosa e feliz entre voc\u00eas. E \u00e9 por isso que nosso e-Book sobre Beagles \u00e9 t\u00e3o valioso! Este guia abrangente oferece insights detalhados sobre a personalidade, as necessidades e os comportamentos t\u00edpicos dessa ra\u00e7a encantadora.<\/p><p>Ao entender melhor seu Beagle, voc\u00ea ser\u00e1 capaz de atender \u00e0s suas necessidades espec\u00edficas, proporcionando-lhe uma vida mais saud\u00e1vel e feliz. O e-Book oferece dicas pr\u00e1ticas sobre treinamento, cuidados com a sa\u00fade, alimenta\u00e7\u00e3o adequada e exerc\u00edcios f\u00edsicos ideais para a ra\u00e7a, tudo com o objetivo de fortalecer o v\u00ednculo entre voc\u00ea e seu companheiro de quatro patas.<\/p><p>Al\u00e9m disso, ao comprar nosso e-Book, voc\u00ea estar\u00e1 investindo no bem-estar do seu Beagle a longo prazo. Com o conhecimento adquirido, voc\u00ea poder\u00e1 prevenir problemas de comportamento comuns da ra\u00e7a e proporcionar uma vida plena e equilibrada ao seu c\u00e3o.<\/p><p>N\u00e3o perca essa oportunidade de aprofundar seu entendimento sobre os Beagles e fortalecer ainda mais a rela\u00e7\u00e3o com seu melhor amigo. Adquira agora o nosso e-Book e embarque em uma jornada de descobertas e aprendizado ao lado do seu c\u00e3o!<\/p><p>CONHECER \u00c9 FUNDAMENTAL PARA FAZER CERTO!!!<\/p><\/div><\/div><\/div><div class=\"mt-1 flex justify-start gap-3 empty:hidden\"><div class=\"text-gray-400 flex self-end lg:self-center items-center justify-center lg:justify-start mt-0 -ml-1 h-7 gap-[2px] visible\"><div class=\"flex items-center gap-1.5 text-xs\">\u00a0<\/div><div class=\"flex\">\u00a0<\/div><\/div><\/div><div class=\"pr-2 lg:pr-0\">\u00a0<\/div><\/div><div class=\"absolute\"><div class=\"flex w-full gap-2 items-center justify-center\">\u00a0<\/div><\/div><\/div><\/div><\/div><\/div><\/div><\/div><\/div><\/div><div class=\"w-full pt-2 md:pt-0 dark:border-white\/20 md:border-transparent md:dark:border-transparent md:w-[calc(100%-.5rem)]\"><form class=\"stretch mx-2 flex flex-row gap-3 last:mb-2 md:mx-4 md:last:mb-6 lg:mx-auto lg:max-w-2xl xl:max-w-3xl\"><div class=\"relative flex h-full flex-1 flex-col\"><div class=\"absolute bottom-full left-0 right-0\">\u00a0<\/div><div class=\"flex w-full items-center\">\u00a0<\/div><\/div><\/form><\/div><\/div><\/div><\/div><div class=\"mt-1 flex justify-start gap-3 empty:hidden\"><div class=\"text-gray-400 flex self-end lg:self-center items-center justify-center lg:justify-start mt-0 -ml-1 h-7 gap-[2px] visible\"><div class=\"flex items-center gap-1.5 text-xs\">\u00a0<\/div><div class=\"flex\">\u00a0<\/div><\/div><\/div><div class=\"pr-2 lg:pr-0\">\u00a0<\/div><\/div><div class=\"absolute\"><div class=\"flex w-full gap-2 items-center justify-center\">\u00a0<\/div><\/div><\/div><\/div><\/div><\/div><\/div><\/div><\/div><\/div><div class=\"w-full pt-2 md:pt-0 dark:border-white\/20 md:border-transparent md:dark:border-transparent md:w-[calc(100%-.5rem)]\"><form class=\"stretch mx-2 flex flex-row gap-3 last:mb-2 md:mx-4 md:last:mb-6 lg:mx-auto lg:max-w-2xl xl:max-w-3xl\"><div class=\"relative flex h-full flex-1 flex-col\"><div class=\"absolute bottom-full left-0 right-0\">\u00a0<\/div><div class=\"flex w-full items-center\">\u00a0<\/div><\/div><\/form><\/div>\t\t\t\t\t\t<\/div>\n\t\t\t\t<\/div>\n\t\t\t\t\t<\/div>\n\t\t\t\t<\/div>\n\t\t<div class=\"elementor-element elementor-element-de16977 e-flex e-con-boxed e-con e-parent\" data-id=\"de16977\" data-element_type=\"container\" data-settings=\"{&quot;background_background&quot;:&quot;classic&quot;,&quot;content_width&quot;:&quot;boxed&quot;}\" data-core-v316-plus=\"true\">\n\t\t\t\t\t<div class=\"e-con-inner\">\n\t\t<div class=\"elementor-element elementor-element-5ca33d2 e-con-full e-flex e-con e-child\" data-id=\"5ca33d2\" data-element_type=\"container\" data-settings=\"{&quot;content_width&quot;:&quot;full&quot;}\">\n\t\t\t\t<div class=\"elementor-element elementor-element-ddfbd08 elementor-align-center elementor-widget elementor-widget-button\" data-id=\"ddfbd08\" data-element_type=\"widget\" data-widget_type=\"button.default\">\n\t\t\t\t<div class=\"elementor-widget-container\">\n\t\t\t\t\t<div class=\"elementor-button-wrapper\">\n\t\t\t<a class=\"elementor-button elementor-button-link elementor-size-lg elementor-animation-pulse-grow\" href=\"https:\/\/petsnossos.com.br\/?page_id=60\">\n\t\t\t\t\t\t<span class=\"elementor-button-content-wrapper\">\n\t\t\t\t\t\t<span class=\"elementor-button-text\">RETORNAR EBOKS<\/span>\n\t\t<\/span>\n\t\t\t\t\t<\/a>\n\t\t<\/div>\n\t\t\t\t<\/div>\n\t\t\t\t<\/div>\n\t\t\t\t<\/div>\n\t\t<div class=\"elementor-element elementor-element-cc8f069 e-con-full e-flex e-con e-child\" data-id=\"cc8f069\" data-element_type=\"container\" data-settings=\"{&quot;content_width&quot;:&quot;full&quot;}\">\n\t\t\t\t<div class=\"elementor-element elementor-element-651612b elementor-align-center elementor-widget elementor-widget-button\" data-id=\"651612b\" data-element_type=\"widget\" data-widget_type=\"button.default\">\n\t\t\t\t<div class=\"elementor-widget-container\">\n\t\t\t\t\t<div class=\"elementor-button-wrapper\">\n\t\t\t<a class=\"elementor-button elementor-button-link elementor-size-lg elementor-animation-pulse-grow\" href=\"https:\/\/petsnossos.com\/index.php\/beagle-pv4\/\">\n\t\t\t\t\t\t<span class=\"elementor-button-content-wrapper\">\n\t\t\t\t\t\t<span class=\"elementor-button-text\">SIM, QUERO SABER MAIS<\/span>\n\t\t<\/span>\n\t\t\t\t\t<\/a>\n\t\t<\/div>\n\t\t\t\t<\/div>\n\t\t\t\t<\/div>\n\t\t\t\t<\/div>\n\t\t\t\t\t<\/div>\n\t\t\t\t<\/div>\n\t\t\t\t<\/div>\n\t\t","protected":false},"excerpt":{"rendered":"<p>CONHE\u00c7A E SAIBA COMO TRATAR SEU AMIGUINHO O Beagle \u00e9 uma ra\u00e7a de c\u00e3es ador\u00e1vel e cheia de qualidades que encantam seus tutores. Com sua express\u00e3o amig\u00e1vel, olhos doces e orelhas ca\u00eddas, \u00e9 imposs\u00edvel resistir ao charme desses c\u00e3ezinhos. Al\u00e9m de sua apar\u00eancia cativante, os Beagles s\u00e3o conhecidos por sua personalidade alegre, carinhosa e brincalhona. [&hellip;]<\/p>\n","protected":false},"author":1,"featured_media":0,"parent":0,"menu_order":0,"comment_status":"closed","ping_status":"closed","template":"elementor_canvas","meta":{"_monsterinsights_skip_tracking":false,"_monsterinsights_sitenote_active":false,"_monsterinsights_sitenote_note":"","_monsterinsights_sitenote_category":0,"footnotes":""},"class_list":["post-418","page","type-page","status-publish","hentry","entry","owp-thumbs-layout-horizontal","owp-btn-normal","owp-tabs-layout-horizontal","has-no-thumbnails","has-product-nav"],"aioseo_notices":[],"_links":{"self":[{"href":"https:\/\/petsnossos.com.br\/index.php?rest_route=\/wp\/v2\/pages\/418","targetHints":{"allow":["GET"]}}],"collection":[{"href":"https:\/\/petsnossos.com.br\/index.php?rest_route=\/wp\/v2\/pages"}],"about":[{"href":"https:\/\/petsnossos.com.br\/index.php?rest_route=\/wp\/v2\/types\/page"}],"author":[{"embeddable":true,"href":"https:\/\/petsnossos.com.br\/index.php?rest_route=\/wp\/v2\/users\/1"}],"replies":[{"embeddable":true,"href":"https:\/\/petsnossos.com.br\/index.php?rest_route=%2Fwp%2Fv2%2Fcomments&post=418"}],"version-history":[{"count":280,"href":"https:\/\/petsnossos.com.br\/index.php?rest_route=\/wp\/v2\/pages\/418\/revisions"}],"predecessor-version":[{"id":4336,"href":"https:\/\/petsnossos.com.br\/index.php?rest_route=\/wp\/v2\/pages\/418\/revisions\/4336"}],"wp:attachment":[{"href":"https:\/\/petsnossos.com.br\/index.php?rest_route=%2Fwp%2Fv2%2Fmedia&parent=418"}],"curies":[{"name":"wp","href":"https:\/\/api.w.org\/{rel}","templated":true}]}}