{"id":575,"date":"2024-03-21T11:10:19","date_gmt":"2024-03-21T14:10:19","guid":{"rendered":"https:\/\/petsnossos.com.br\/?page_id=575"},"modified":"2026-02-19T10:32:15","modified_gmt":"2026-02-19T13:32:15","slug":"buldog-frances","status":"publish","type":"page","link":"https:\/\/petsnossos.com.br\/?page_id=575","title":{"rendered":"BULDOG FRANCES PV"},"content":{"rendered":"\t\t<div data-elementor-type=\"wp-page\" data-elementor-id=\"575\" class=\"elementor elementor-575\">\n\t\t\t\t<div class=\"elementor-element elementor-element-6b5cabb e-flex e-con-boxed e-con e-parent\" data-id=\"6b5cabb\" data-element_type=\"container\" data-settings=\"{&quot;background_background&quot;:&quot;classic&quot;,&quot;content_width&quot;:&quot;boxed&quot;}\" data-core-v316-plus=\"true\">\n\t\t\t\t\t<div class=\"e-con-inner\">\n\t\t<div class=\"elementor-element elementor-element-d47f724 e-con-full e-flex e-con e-child\" data-id=\"d47f724\" data-element_type=\"container\" data-settings=\"{&quot;content_width&quot;:&quot;full&quot;}\">\n\t\t\t\t<div class=\"elementor-element elementor-element-f65b7ae elementor-widget elementor-widget-image\" data-id=\"f65b7ae\" data-element_type=\"widget\" data-widget_type=\"image.default\">\n\t\t\t\t<div class=\"elementor-widget-container\">\n\t\t\t<style>\/*! elementor - v3.19.0 - 28-02-2024 *\/\n.elementor-widget-image{text-align:center}.elementor-widget-image a{display:inline-block}.elementor-widget-image a img[src$=\".svg\"]{width:48px}.elementor-widget-image img{vertical-align:middle;display:inline-block}<\/style>\t\t\t\t\t\t\t\t\t\t<img fetchpriority=\"high\" decoding=\"async\" width=\"600\" height=\"600\" src=\"https:\/\/petsnossos.com.br\/wp-content\/uploads\/2024\/03\/BULDOG-FRANCES-2.png\" class=\"attachment-large size-large wp-image-606\" alt=\"\" srcset=\"https:\/\/petsnossos.com.br\/wp-content\/uploads\/2024\/03\/BULDOG-FRANCES-2.png 600w, https:\/\/petsnossos.com.br\/wp-content\/uploads\/2024\/03\/BULDOG-FRANCES-2-300x300.png 300w, https:\/\/petsnossos.com.br\/wp-content\/uploads\/2024\/03\/BULDOG-FRANCES-2-150x150.png 150w, https:\/\/petsnossos.com.br\/wp-content\/uploads\/2024\/03\/BULDOG-FRANCES-2-100x100.png 100w\" sizes=\"(max-width: 600px) 100vw, 600px\" \/>\t\t\t\t\t\t\t\t\t\t\t\t\t<\/div>\n\t\t\t\t<\/div>\n\t\t\t\t<\/div>\n\t\t<div class=\"elementor-element elementor-element-1f24f94 e-con-full e-flex e-con e-child\" data-id=\"1f24f94\" data-element_type=\"container\" data-settings=\"{&quot;content_width&quot;:&quot;full&quot;}\">\n\t\t\t\t<div class=\"elementor-element elementor-element-ebb2c00 elementor-widget elementor-widget-heading\" data-id=\"ebb2c00\" data-element_type=\"widget\" data-widget_type=\"heading.default\">\n\t\t\t\t<div class=\"elementor-widget-container\">\n\t\t\t<style>\/*! elementor - v3.19.0 - 28-02-2024 *\/\n.elementor-heading-title{padding:0;margin:0;line-height:1}.elementor-widget-heading .elementor-heading-title[class*=elementor-size-]>a{color:inherit;font-size:inherit;line-height:inherit}.elementor-widget-heading .elementor-heading-title.elementor-size-small{font-size:15px}.elementor-widget-heading .elementor-heading-title.elementor-size-medium{font-size:19px}.elementor-widget-heading .elementor-heading-title.elementor-size-large{font-size:29px}.elementor-widget-heading .elementor-heading-title.elementor-size-xl{font-size:39px}.elementor-widget-heading .elementor-heading-title.elementor-size-xxl{font-size:59px}<\/style><h2 class=\"elementor-heading-title elementor-size-default\"> CONHE\u00c7A E SAIBA COMO TRATAR SEU AMIGUINHO<\/h2>\t\t<\/div>\n\t\t\t\t<\/div>\n\t\t\t\t<\/div>\n\t\t<div class=\"elementor-element elementor-element-64ea5ea e-con-full e-flex e-con e-child\" data-id=\"64ea5ea\" data-element_type=\"container\" data-settings=\"{&quot;content_width&quot;:&quot;full&quot;}\">\n\t\t\t\t<\/div>\n\t\t\t\t\t<\/div>\n\t\t\t\t<\/div>\n\t\t<div class=\"elementor-element elementor-element-8dfef1a e-flex e-con-boxed e-con e-parent\" data-id=\"8dfef1a\" data-element_type=\"container\" data-settings=\"{&quot;background_background&quot;:&quot;classic&quot;,&quot;content_width&quot;:&quot;boxed&quot;}\" data-core-v316-plus=\"true\">\n\t\t\t\t\t<div class=\"e-con-inner\">\n\t\t\t\t<div class=\"elementor-element elementor-element-9b2b15b elementor-widget elementor-widget-text-editor\" data-id=\"9b2b15b\" data-element_type=\"widget\" data-widget_type=\"text-editor.default\">\n\t\t\t\t<div class=\"elementor-widget-container\">\n\t\t\t<style>\/*! elementor - v3.19.0 - 28-02-2024 *\/\n.elementor-widget-text-editor.elementor-drop-cap-view-stacked .elementor-drop-cap{background-color:#69727d;color:#fff}.elementor-widget-text-editor.elementor-drop-cap-view-framed .elementor-drop-cap{color:#69727d;border:3px solid;background-color:transparent}.elementor-widget-text-editor:not(.elementor-drop-cap-view-default) .elementor-drop-cap{margin-top:8px}.elementor-widget-text-editor:not(.elementor-drop-cap-view-default) .elementor-drop-cap-letter{width:1em;height:1em}.elementor-widget-text-editor .elementor-drop-cap{float:left;text-align:center;line-height:1;font-size:50px}.elementor-widget-text-editor .elementor-drop-cap-letter{display:inline-block}<\/style>\t\t\t\t<div class=\"w-full text-token-text-primary\" data-testid=\"conversation-turn-2\"><div class=\"px-4 py-2 justify-center text-base md:gap-6 m-auto\"><div class=\"flex flex-1 text-base mx-auto gap-3 md:px-5 lg:px-1 xl:px-5 md:max-w-3xl lg:max-w-[40rem] xl:max-w-[48rem] group\"><div class=\"relative flex w-full flex-col\"><div class=\"flex-col gap-1 md:gap-3\"><div class=\"flex flex-grow flex-col max-w-full\"><div class=\"min-h-[20px] text-message flex flex-col items-start gap-3 whitespace-pre-wrap break-words [.text-message+&amp;]:mt-5 overflow-x-auto\" data-message-author-role=\"user\" data-message-id=\"aaa2a81d-caef-4c66-b091-9a95675af424\"><div class=\"\"><div class=\"flex-1 overflow-hidden\"><div class=\"react-scroll-to-bottom--css-suvpq-79elbk h-full\"><div class=\"react-scroll-to-bottom--css-suvpq-1n7m0yu\"><div class=\"flex flex-col text-sm pb-9\"><div class=\"w-full text-token-text-primary\" data-testid=\"conversation-turn-7\"><div class=\"px-4 py-2 justify-center text-base md:gap-6 m-auto\"><div class=\"flex flex-1 text-base mx-auto gap-3 md:px-5 lg:px-1 xl:px-5 md:max-w-3xl lg:max-w-[40rem] xl:max-w-[48rem] group final-completion\"><div class=\"relative flex w-full flex-col agent-turn\"><div class=\"flex-col gap-1 md:gap-3\"><div class=\"flex flex-grow flex-col max-w-full\"><div class=\"min-h-[20px] text-message flex flex-col items-start gap-3 whitespace-pre-wrap break-words [.text-message+&amp;]:mt-5 overflow-x-auto\" data-message-author-role=\"assistant\" data-message-id=\"5b790286-f9bd-4396-9544-cf339d7c0140\"><div class=\"markdown prose w-full break-words dark:prose-invert light\"><p>O Bulldog Franc\u00eas, com sua personalidade encantadora e apar\u00eancia \u00fanica, \u00e9 um companheiro excepcional para aqueles que buscam um c\u00e3o afetuoso e de baixa manuten\u00e7\u00e3o. Conhecido por suas orelhas grandes e eretas, focinho achatado e express\u00e3o amig\u00e1vel, o Bulldog Franc\u00eas conquista cora\u00e7\u00f5es em todo o mundo.<\/p><p>Uma das qualidades mais marcantes desta ra\u00e7a \u00e9 sua natureza d\u00f3cil e amorosa. Os Bulldogs Franceses s\u00e3o conhecidos por serem c\u00e3es extremamente leais e carinhosos, tornando-os companheiros ideais para fam\u00edlias, idosos e at\u00e9 mesmo pessoas que vivem em apartamentos.<\/p><p>Al\u00e9m de sua personalidade ador\u00e1vel, os Bulldogs Franceses tamb\u00e9m s\u00e3o conhecidos por sua natureza tranquila e de baixa energia. Eles s\u00e3o c\u00e3es relativamente pregui\u00e7osos, que preferem passar seu tempo relaxando ao lado de seus tutores. Isso os torna uma excelente escolha para pessoas que buscam um c\u00e3o de companhia calmo e f\u00e1cil de cuidar.<\/p><p>No entanto, \u00e9 importante ter um conhecimento profundo das caracter\u00edsticas da ra\u00e7a ao considerar trazer um Bulldog Franc\u00eas para casa. Compreender suas necessidades espec\u00edficas de sa\u00fade, exerc\u00edcio e socializa\u00e7\u00e3o pode ajudar a garantir uma intera\u00e7\u00e3o harmoniosa entre o c\u00e3o e o tutor. Al\u00e9m disso, conhecer as caracter\u00edsticas \u00fanicas da ra\u00e7a pode ajudar a evitar problemas comportamentais e garantir que o c\u00e3o seja feliz e saud\u00e1vel.<\/p><p>Em resumo, o Bulldog Franc\u00eas \u00e9 um c\u00e3o maravilhoso que traz muita alegria e companheirismo para aqueles que t\u00eam a sorte de t\u00ea-lo como parte de suas vidas. Com sua natureza amorosa e tranquila, este c\u00e3o encantador \u00e9 verdadeiramente um amigo leal e dedicado.<\/p><p>Ao adquirir este ebook, voc\u00ea ter\u00e1 acesso a informa\u00e7\u00f5es valiosas, como:<\/p><ul><li>Dicas de treinamento para Buldog Franc\u00eas, adaptadas \u00e0 sua personalidade inteligente e receptiva.<\/li><li>Orienta\u00e7\u00f5es sobre cuidados com a sa\u00fade, desde a alimenta\u00e7\u00e3o adequada at\u00e9 a preven\u00e7\u00e3o de doen\u00e7as comuns.<\/li><li>Estrat\u00e9gias para lidar com comportamentos espec\u00edficos da ra\u00e7a, garantindo um conv\u00edvio tranquilo e feliz.<\/li><li>Conselhos sobre como criar um ambiente seguro e estimulante para o seu Buldog Franc\u00eas.<\/li><\/ul><p>Este Ebook \u00e9 espec\u00edfico para a ra\u00e7a, fugindo de conceitos gen\u00e9ricos que muitas vezes se mostram ineficientes!!!<\/p><p>Investir neste ebook n\u00e3o \u00e9 apenas uma forma de adquirir conhecimento, mas tamb\u00e9m uma maneira de demonstrar amor e cuidado pelo seu c\u00e3o.<\/p><p>CONHECER \u00c9 FUNDAMENTAL PARA FAZER CERTO!!!<\/p><\/div><\/div><\/div><div class=\"mt-1 flex justify-start gap-3 empty:hidden\"><div class=\"text-gray-400 flex self-end lg:self-center items-center justify-center lg:justify-start mt-0 -ml-1 h-7 gap-[2px] visible\"><div class=\"flex items-center gap-1.5 text-xs\">\u00a0<\/div><div class=\"flex\">\u00a0<\/div><\/div><\/div><div class=\"pr-2 lg:pr-0\">\u00a0<\/div><\/div><div class=\"absolute\"><div class=\"flex w-full gap-2 items-center justify-center\">\u00a0<\/div><\/div><\/div><\/div><\/div><\/div><\/div><\/div><\/div><\/div><div class=\"w-full pt-2 md:pt-0 dark:border-white\/20 md:border-transparent md:dark:border-transparent md:w-[calc(100%-.5rem)]\"><form class=\"stretch mx-2 flex flex-row gap-3 last:mb-2 md:mx-4 md:last:mb-6 lg:mx-auto lg:max-w-2xl xl:max-w-3xl\"><div class=\"relative flex h-full flex-1 flex-col\"><div class=\"absolute bottom-full left-0 right-0\">\u00a0<\/div><div class=\"flex w-full items-center\">\u00a0<\/div><\/div><\/form><\/div><\/div><\/div><\/div><div class=\"mt-1 flex justify-start gap-3 empty:hidden\"><div class=\"text-gray-400 flex self-end lg:self-center items-center justify-center lg:justify-start mt-0 -ml-1 h-7 gap-[2px] visible\"><div class=\"flex items-center gap-1.5 text-xs\">\u00a0<\/div><\/div><\/div><\/div><\/div><\/div><\/div><\/div><div class=\"w-full text-token-text-primary\" data-testid=\"conversation-turn-3\"><div class=\"px-4 py-2 justify-center text-base md:gap-6 m-auto\"><div class=\"flex flex-1 text-base mx-auto gap-3 md:px-5 lg:px-1 xl:px-5 md:max-w-3xl lg:max-w-[40rem] xl:max-w-[48rem] group\"><div class=\"flex-shrink-0 flex flex-col relative items-end\"><div><div class=\"pt-0.5\"><div class=\"gizmo-shadow-stroke flex h-6 w-6 items-center justify-center overflow-hidden rounded-full\"><div class=\"relative p-1 rounded-sm h-9 w-9 text-white flex items-center justify-center\">\u00a0<\/div><\/div><\/div><\/div><\/div><\/div><\/div><\/div>\t\t\t\t\t\t<\/div>\n\t\t\t\t<\/div>\n\t\t\t\t\t<\/div>\n\t\t\t\t<\/div>\n\t\t<div class=\"elementor-element elementor-element-969fc44 e-flex e-con-boxed e-con e-parent\" data-id=\"969fc44\" data-element_type=\"container\" data-settings=\"{&quot;background_background&quot;:&quot;classic&quot;,&quot;content_width&quot;:&quot;boxed&quot;}\" data-core-v316-plus=\"true\">\n\t\t\t\t\t<div class=\"e-con-inner\">\n\t\t<div class=\"elementor-element elementor-element-59a5e84 e-con-full e-flex e-con e-child\" data-id=\"59a5e84\" data-element_type=\"container\" data-settings=\"{&quot;content_width&quot;:&quot;full&quot;}\">\n\t\t\t\t<div class=\"elementor-element elementor-element-916e0f6 elementor-align-center elementor-widget elementor-widget-button\" data-id=\"916e0f6\" data-element_type=\"widget\" data-widget_type=\"button.default\">\n\t\t\t\t<div class=\"elementor-widget-container\">\n\t\t\t\t\t<div class=\"elementor-button-wrapper\">\n\t\t\t<a class=\"elementor-button elementor-button-link elementor-size-lg elementor-animation-pulse-grow\" href=\"https:\/\/petsnossos.com.br\/?page_id=60\">\n\t\t\t\t\t\t<span class=\"elementor-button-content-wrapper\">\n\t\t\t\t\t\t<span class=\"elementor-button-text\">RETORNAR EBOOKS<\/span>\n\t\t<\/span>\n\t\t\t\t\t<\/a>\n\t\t<\/div>\n\t\t\t\t<\/div>\n\t\t\t\t<\/div>\n\t\t\t\t<\/div>\n\t\t<div class=\"elementor-element elementor-element-2b47f3c e-con-full e-flex e-con e-child\" data-id=\"2b47f3c\" data-element_type=\"container\" data-settings=\"{&quot;content_width&quot;:&quot;full&quot;}\">\n\t\t\t\t<div class=\"elementor-element elementor-element-f8a3da8 elementor-align-center elementor-widget elementor-widget-button\" data-id=\"f8a3da8\" data-element_type=\"widget\" data-widget_type=\"button.default\">\n\t\t\t\t<div class=\"elementor-widget-container\">\n\t\t\t\t\t<div class=\"elementor-button-wrapper\">\n\t\t\t<a class=\"elementor-button elementor-button-link elementor-size-lg elementor-animation-pulse-grow\" href=\"https:\/\/petsnossos.com\/index.php\/buldog-frances-pv4\/\">\n\t\t\t\t\t\t<span class=\"elementor-button-content-wrapper\">\n\t\t\t\t\t\t<span class=\"elementor-button-text\">SIM, QUERO CONHECER MAIS<\/span>\n\t\t<\/span>\n\t\t\t\t\t<\/a>\n\t\t<\/div>\n\t\t\t\t<\/div>\n\t\t\t\t<\/div>\n\t\t\t\t<\/div>\n\t\t\t\t\t<\/div>\n\t\t\t\t<\/div>\n\t\t\t\t<\/div>\n\t\t","protected":false},"excerpt":{"rendered":"<p>CONHE\u00c7A E SAIBA COMO TRATAR SEU AMIGUINHO O Bulldog Franc\u00eas, com sua personalidade encantadora e apar\u00eancia \u00fanica, \u00e9 um companheiro excepcional para aqueles que buscam um c\u00e3o afetuoso e de baixa manuten\u00e7\u00e3o. Conhecido por suas orelhas grandes e eretas, focinho achatado e express\u00e3o amig\u00e1vel, o Bulldog Franc\u00eas conquista cora\u00e7\u00f5es em todo o mundo. Uma das [&hellip;]<\/p>\n","protected":false},"author":1,"featured_media":0,"parent":0,"menu_order":0,"comment_status":"closed","ping_status":"closed","template":"elementor_canvas","meta":{"_monsterinsights_skip_tracking":false,"_monsterinsights_sitenote_active":false,"_monsterinsights_sitenote_note":"","_monsterinsights_sitenote_category":0,"footnotes":""},"class_list":["post-575","page","type-page","status-publish","hentry","entry","owp-thumbs-layout-horizontal","owp-btn-normal","owp-tabs-layout-horizontal","has-no-thumbnails","has-product-nav"],"aioseo_notices":[],"_links":{"self":[{"href":"https:\/\/petsnossos.com.br\/index.php?rest_route=\/wp\/v2\/pages\/575","targetHints":{"allow":["GET"]}}],"collection":[{"href":"https:\/\/petsnossos.com.br\/index.php?rest_route=\/wp\/v2\/pages"}],"about":[{"href":"https:\/\/petsnossos.com.br\/index.php?rest_route=\/wp\/v2\/types\/page"}],"author":[{"embeddable":true,"href":"https:\/\/petsnossos.com.br\/index.php?rest_route=\/wp\/v2\/users\/1"}],"replies":[{"embeddable":true,"href":"https:\/\/petsnossos.com.br\/index.php?rest_route=%2Fwp%2Fv2%2Fcomments&post=575"}],"version-history":[{"count":146,"href":"https:\/\/petsnossos.com.br\/index.php?rest_route=\/wp\/v2\/pages\/575\/revisions"}],"predecessor-version":[{"id":4361,"href":"https:\/\/petsnossos.com.br\/index.php?rest_route=\/wp\/v2\/pages\/575\/revisions\/4361"}],"wp:attachment":[{"href":"https:\/\/petsnossos.com.br\/index.php?rest_route=%2Fwp%2Fv2%2Fmedia&parent=575"}],"curies":[{"name":"wp","href":"https:\/\/api.w.org\/{rel}","templated":true}]}}