{"id":740,"date":"2024-03-21T18:27:55","date_gmt":"2024-03-21T21:27:55","guid":{"rendered":"https:\/\/petsnossos.com.br\/?page_id=740"},"modified":"2026-02-19T09:34:24","modified_gmt":"2026-02-19T12:34:24","slug":"chihuahua-pv","status":"publish","type":"page","link":"https:\/\/petsnossos.com.br\/?page_id=740","title":{"rendered":"CHIHUAHUA PV"},"content":{"rendered":"\t\t<div data-elementor-type=\"wp-page\" data-elementor-id=\"740\" class=\"elementor elementor-740\">\n\t\t\t\t<div class=\"elementor-element elementor-element-ab819c4 e-flex e-con-boxed e-con e-parent\" data-id=\"ab819c4\" data-element_type=\"container\" data-settings=\"{&quot;background_background&quot;:&quot;classic&quot;,&quot;content_width&quot;:&quot;boxed&quot;}\" data-core-v316-plus=\"true\">\n\t\t\t\t\t<div class=\"e-con-inner\">\n\t\t<div class=\"elementor-element elementor-element-828fdd4 e-con-full e-flex e-con e-child\" data-id=\"828fdd4\" data-element_type=\"container\" data-settings=\"{&quot;content_width&quot;:&quot;full&quot;}\">\n\t\t\t\t<div class=\"elementor-element elementor-element-3864d34 elementor-widget elementor-widget-image\" data-id=\"3864d34\" data-element_type=\"widget\" data-widget_type=\"image.default\">\n\t\t\t\t<div class=\"elementor-widget-container\">\n\t\t\t<style>\/*! elementor - v3.19.0 - 28-02-2024 *\/\n.elementor-widget-image{text-align:center}.elementor-widget-image a{display:inline-block}.elementor-widget-image a img[src$=\".svg\"]{width:48px}.elementor-widget-image img{vertical-align:middle;display:inline-block}<\/style>\t\t\t\t\t\t\t\t\t\t<img fetchpriority=\"high\" decoding=\"async\" width=\"600\" height=\"600\" src=\"https:\/\/petsnossos.com.br\/wp-content\/uploads\/2024\/03\/CHIHUAHUA-1.png\" class=\"attachment-large size-large wp-image-132\" alt=\"\" srcset=\"https:\/\/petsnossos.com.br\/wp-content\/uploads\/2024\/03\/CHIHUAHUA-1.png 600w, https:\/\/petsnossos.com.br\/wp-content\/uploads\/2024\/03\/CHIHUAHUA-1-300x300.png 300w, https:\/\/petsnossos.com.br\/wp-content\/uploads\/2024\/03\/CHIHUAHUA-1-150x150.png 150w, https:\/\/petsnossos.com.br\/wp-content\/uploads\/2024\/03\/CHIHUAHUA-1-100x100.png 100w\" sizes=\"(max-width: 600px) 100vw, 600px\" \/>\t\t\t\t\t\t\t\t\t\t\t\t\t<\/div>\n\t\t\t\t<\/div>\n\t\t\t\t<\/div>\n\t\t<div class=\"elementor-element elementor-element-a6b09f1 e-con-full e-flex e-con e-child\" data-id=\"a6b09f1\" data-element_type=\"container\" data-settings=\"{&quot;content_width&quot;:&quot;full&quot;}\">\n\t\t\t\t<div class=\"elementor-element elementor-element-01c2be2 elementor-widget elementor-widget-heading\" data-id=\"01c2be2\" data-element_type=\"widget\" data-widget_type=\"heading.default\">\n\t\t\t\t<div class=\"elementor-widget-container\">\n\t\t\t<style>\/*! elementor - v3.19.0 - 28-02-2024 *\/\n.elementor-heading-title{padding:0;margin:0;line-height:1}.elementor-widget-heading .elementor-heading-title[class*=elementor-size-]>a{color:inherit;font-size:inherit;line-height:inherit}.elementor-widget-heading .elementor-heading-title.elementor-size-small{font-size:15px}.elementor-widget-heading .elementor-heading-title.elementor-size-medium{font-size:19px}.elementor-widget-heading .elementor-heading-title.elementor-size-large{font-size:29px}.elementor-widget-heading .elementor-heading-title.elementor-size-xl{font-size:39px}.elementor-widget-heading .elementor-heading-title.elementor-size-xxl{font-size:59px}<\/style><h2 class=\"elementor-heading-title elementor-size-default\">CONHE\u00c7A E SAIBA COMO TRATAR SEU AMIGUINHO<\/h2>\t\t<\/div>\n\t\t\t\t<\/div>\n\t\t\t\t<\/div>\n\t\t\t\t\t<\/div>\n\t\t\t\t<\/div>\n\t\t<div class=\"elementor-element elementor-element-fa6377a e-flex e-con-boxed e-con e-parent\" data-id=\"fa6377a\" data-element_type=\"container\" data-settings=\"{&quot;background_background&quot;:&quot;classic&quot;,&quot;content_width&quot;:&quot;boxed&quot;}\" data-core-v316-plus=\"true\">\n\t\t\t\t\t<div class=\"e-con-inner\">\n\t\t\t\t<div class=\"elementor-element elementor-element-8f3c668 elementor-widget elementor-widget-text-editor\" data-id=\"8f3c668\" data-element_type=\"widget\" data-widget_type=\"text-editor.default\">\n\t\t\t\t<div class=\"elementor-widget-container\">\n\t\t\t<style>\/*! elementor - v3.19.0 - 28-02-2024 *\/\n.elementor-widget-text-editor.elementor-drop-cap-view-stacked .elementor-drop-cap{background-color:#69727d;color:#fff}.elementor-widget-text-editor.elementor-drop-cap-view-framed .elementor-drop-cap{color:#69727d;border:3px solid;background-color:transparent}.elementor-widget-text-editor:not(.elementor-drop-cap-view-default) .elementor-drop-cap{margin-top:8px}.elementor-widget-text-editor:not(.elementor-drop-cap-view-default) .elementor-drop-cap-letter{width:1em;height:1em}.elementor-widget-text-editor .elementor-drop-cap{float:left;text-align:center;line-height:1;font-size:50px}.elementor-widget-text-editor .elementor-drop-cap-letter{display:inline-block}<\/style>\t\t\t\t<div class=\"flex-1 overflow-hidden\"><div class=\"react-scroll-to-bottom--css-xnwtp-79elbk h-full\"><div class=\"react-scroll-to-bottom--css-xnwtp-1n7m0yu\"><div class=\"flex flex-col text-sm pb-9\"><div class=\"w-full text-token-text-primary\" data-testid=\"conversation-turn-5\"><div class=\"px-4 py-2 justify-center text-base md:gap-6 m-auto\"><div class=\"flex flex-1 text-base mx-auto gap-3 md:px-5 lg:px-1 xl:px-5 md:max-w-3xl lg:max-w-[40rem] xl:max-w-[48rem] group final-completion\"><div class=\"relative flex w-full flex-col agent-turn\"><div class=\"flex-col gap-1 md:gap-3\"><div class=\"flex flex-grow flex-col max-w-full\"><div class=\"min-h-[20px] text-message flex flex-col items-start gap-3 whitespace-pre-wrap break-words [.text-message+&amp;]:mt-5 overflow-x-auto\" data-message-author-role=\"assistant\" data-message-id=\"70fb3228-bf6f-4bdf-b0d2-4315bb378492\"><div class=\"markdown prose w-full break-words dark:prose-invert light\"><p>O Chihuahua \u00e9 uma ra\u00e7a de c\u00e3es pequenos, mas com uma personalidade vibrante e \u00fanica. Origin\u00e1rios do M\u00e9xico, esses c\u00e3ezinhos conquistaram o cora\u00e7\u00e3o de muitas pessoas ao redor do mundo por sua energia e lealdade.<\/p><p>Uma das qualidades mais marcantes do Chihuahua \u00e9 sua coragem e determina\u00e7\u00e3o. Apesar de seu tamanho diminuto, esses c\u00e3es s\u00e3o destemidos e muitas vezes se comportam como se fossem muito maiores. Eles tamb\u00e9m s\u00e3o extremamente leais aos seus tutores, formando la\u00e7os fortes e duradouros com suas fam\u00edlias.<\/p><p>Para quem est\u00e1 considerando ter um Chihuahua como animal de estima\u00e7\u00e3o, \u00e9 essencial entender as caracter\u00edsticas espec\u00edficas da ra\u00e7a. Conhecer suas necessidades de cuidados, comportamento e temperamento pode ajudar a desenvolver uma rela\u00e7\u00e3o harmoniosa e feliz com o c\u00e3o.<\/p><p>Por isso, recomenda-se a leitura do ebook . Este livro oferece informa\u00e7\u00f5es detalhadas sobre a ra\u00e7a, incluindo sua hist\u00f3ria, caracter\u00edsticas f\u00edsicas, necessidades de cuidados, treinamento e muito mais. Ter acesso a esse conhecimento pode ser fundamental para garantir que voc\u00ea e seu Chihuahua tenham uma conviv\u00eancia saud\u00e1vel e satisfat\u00f3ria.<\/p><p>Portanto, se voc\u00ea est\u00e1 pensando em adicionar um Chihuahua \u00e0 sua fam\u00edlia, n\u00e3o deixe de adquirir esse ebook e aprender tudo o que voc\u00ea precisa saber para cuidar bem desse pequeno e ador\u00e1vel c\u00e3o. Afinal, a chave para uma rela\u00e7\u00e3o harmoniosa entre voc\u00ea e seu c\u00e3o est\u00e1 no conhecimento e na compreens\u00e3o m\u00fatua.<\/p><p>CONHECER \u00c9 FUNDAMENTAL PARA FAZER CERTO!!!<\/p><\/div><\/div><\/div><div class=\"mt-1 flex justify-start gap-3 empty:hidden\"><div class=\"text-gray-400 flex self-end lg:self-center items-center justify-center lg:justify-start mt-0 -ml-1 h-7 gap-[2px] visible\"><div class=\"flex items-center gap-1.5 text-xs\">\u00a0<\/div><div class=\"flex\">\u00a0<\/div><\/div><\/div><div class=\"pr-2 lg:pr-0\">\u00a0<\/div><\/div><div class=\"absolute\"><div class=\"flex w-full gap-2 items-center justify-center\">\u00a0<\/div><\/div><\/div><\/div><\/div><\/div><\/div><\/div><\/div><\/div><div class=\"w-full pt-2 md:pt-0 dark:border-white\/20 md:border-transparent md:dark:border-transparent md:w-[calc(100%-.5rem)]\"><form class=\"stretch mx-2 flex flex-row gap-3 last:mb-2 md:mx-4 md:last:mb-6 lg:mx-auto lg:max-w-2xl xl:max-w-3xl\"><div class=\"relative flex h-full flex-1 flex-col\"><div class=\"absolute bottom-full left-0 right-0\">\u00a0<\/div><div class=\"flex w-full items-center\">\u00a0<\/div><\/div><\/form><\/div>\t\t\t\t\t\t<\/div>\n\t\t\t\t<\/div>\n\t\t\t\t\t<\/div>\n\t\t\t\t<\/div>\n\t\t<div class=\"elementor-element elementor-element-811e51f e-flex e-con-boxed e-con e-parent\" data-id=\"811e51f\" data-element_type=\"container\" data-settings=\"{&quot;background_background&quot;:&quot;classic&quot;,&quot;content_width&quot;:&quot;boxed&quot;}\" data-core-v316-plus=\"true\">\n\t\t\t\t\t<div class=\"e-con-inner\">\n\t\t<div class=\"elementor-element elementor-element-e55ae21 e-con-full e-flex e-con e-child\" data-id=\"e55ae21\" data-element_type=\"container\" data-settings=\"{&quot;content_width&quot;:&quot;full&quot;}\">\n\t\t\t\t<div class=\"elementor-element elementor-element-faf5d98 elementor-align-center elementor-widget elementor-widget-button\" data-id=\"faf5d98\" data-element_type=\"widget\" data-widget_type=\"button.default\">\n\t\t\t\t<div class=\"elementor-widget-container\">\n\t\t\t\t\t<div class=\"elementor-button-wrapper\">\n\t\t\t<a class=\"elementor-button elementor-button-link elementor-size-lg elementor-animation-pulse-grow\" href=\"https:\/\/petsnossos.com.br\/?page_id=60\">\n\t\t\t\t\t\t<span class=\"elementor-button-content-wrapper\">\n\t\t\t\t\t\t<span class=\"elementor-button-text\">RETORNAR EBOOKS<\/span>\n\t\t<\/span>\n\t\t\t\t\t<\/a>\n\t\t<\/div>\n\t\t\t\t<\/div>\n\t\t\t\t<\/div>\n\t\t\t\t<\/div>\n\t\t<div class=\"elementor-element elementor-element-06322ac e-con-full e-flex e-con e-child\" data-id=\"06322ac\" data-element_type=\"container\" data-settings=\"{&quot;content_width&quot;:&quot;full&quot;}\">\n\t\t\t\t<div class=\"elementor-element elementor-element-517cdf5 elementor-align-center elementor-widget elementor-widget-button\" data-id=\"517cdf5\" data-element_type=\"widget\" data-widget_type=\"button.default\">\n\t\t\t\t<div class=\"elementor-widget-container\">\n\t\t\t\t\t<div class=\"elementor-button-wrapper\">\n\t\t\t<a class=\"elementor-button elementor-button-link elementor-size-lg elementor-animation-pulse-grow\" href=\"https:\/\/petsnossos.com\/index.php\/chihuahua-pv3\/\">\n\t\t\t\t\t\t<span class=\"elementor-button-content-wrapper\">\n\t\t\t\t\t\t<span class=\"elementor-button-text\">SIM, QUERO SABER MAIS<\/span>\n\t\t<\/span>\n\t\t\t\t\t<\/a>\n\t\t<\/div>\n\t\t\t\t<\/div>\n\t\t\t\t<\/div>\n\t\t\t\t<\/div>\n\t\t\t\t\t<\/div>\n\t\t\t\t<\/div>\n\t\t\t\t<\/div>\n\t\t","protected":false},"excerpt":{"rendered":"<p>CONHE\u00c7A E SAIBA COMO TRATAR SEU AMIGUINHO O Chihuahua \u00e9 uma ra\u00e7a de c\u00e3es pequenos, mas com uma personalidade vibrante e \u00fanica. Origin\u00e1rios do M\u00e9xico, esses c\u00e3ezinhos conquistaram o cora\u00e7\u00e3o de muitas pessoas ao redor do mundo por sua energia e lealdade. Uma das qualidades mais marcantes do Chihuahua \u00e9 sua coragem e determina\u00e7\u00e3o. Apesar [&hellip;]<\/p>\n","protected":false},"author":1,"featured_media":0,"parent":0,"menu_order":0,"comment_status":"closed","ping_status":"closed","template":"elementor_canvas","meta":{"_monsterinsights_skip_tracking":false,"_monsterinsights_sitenote_active":false,"_monsterinsights_sitenote_note":"","_monsterinsights_sitenote_category":0,"footnotes":""},"class_list":["post-740","page","type-page","status-publish","hentry","entry","owp-thumbs-layout-horizontal","owp-btn-normal","owp-tabs-layout-horizontal","has-no-thumbnails","has-product-nav"],"aioseo_notices":[],"_links":{"self":[{"href":"https:\/\/petsnossos.com.br\/index.php?rest_route=\/wp\/v2\/pages\/740","targetHints":{"allow":["GET"]}}],"collection":[{"href":"https:\/\/petsnossos.com.br\/index.php?rest_route=\/wp\/v2\/pages"}],"about":[{"href":"https:\/\/petsnossos.com.br\/index.php?rest_route=\/wp\/v2\/types\/page"}],"author":[{"embeddable":true,"href":"https:\/\/petsnossos.com.br\/index.php?rest_route=\/wp\/v2\/users\/1"}],"replies":[{"embeddable":true,"href":"https:\/\/petsnossos.com.br\/index.php?rest_route=%2Fwp%2Fv2%2Fcomments&post=740"}],"version-history":[{"count":103,"href":"https:\/\/petsnossos.com.br\/index.php?rest_route=\/wp\/v2\/pages\/740\/revisions"}],"predecessor-version":[{"id":4346,"href":"https:\/\/petsnossos.com.br\/index.php?rest_route=\/wp\/v2\/pages\/740\/revisions\/4346"}],"wp:attachment":[{"href":"https:\/\/petsnossos.com.br\/index.php?rest_route=%2Fwp%2Fv2%2Fmedia&parent=740"}],"curies":[{"name":"wp","href":"https:\/\/api.w.org\/{rel}","templated":true}]}}